{"id":930,"date":"2014-09-22T10:20:13","date_gmt":"2014-09-22T08:20:13","guid":{"rendered":"http:\/\/ghatanbauer.se.php54-1.dfw1-1.websitetestlink.com\/?page_id=930"},"modified":"2014-11-12T13:39:27","modified_gmt":"2014-11-12T12:39:27","slug":"csr","status":"publish","type":"page","link":"https:\/\/www.ghatanbauer.se\/en\/us\/csr\/","title":{"rendered":"CSR"},"content":{"rendered":"<p><img loading=\"lazy\" decoding=\"async\" class=\"alignnone size-full wp-image-853\" src=\"\/wp-content\/uploads\/csrkontakt.jpg\" alt=\"csrkontakt\" width=\"710\" height=\"236\" srcset=\"https:\/\/www.ghatanbauer.se\/wp-content\/uploads\/csrkontakt.jpg 710w, https:\/\/www.ghatanbauer.se\/wp-content\/uploads\/csrkontakt-300x99.jpg 300w\" sizes=\"auto, (max-width: 710px) 100vw, 710px\" \/><br \/>\nCSR, Corporate Social Responsibility is about creating sustainable business strategies for our clients and is one of our areas of operation. Our vision is to make the world a little better by, in addition to law, providing the best CSR advice to our clients.<\/p>\n<p>Of course, we like to practice what we preach and therefore run a number of CSR projects ourselves. Right now, Ghatan Bauer is helping to make the world a little better by actively supporting and working for the foundation Friends and the foundation Safe Kids.<\/p>\n<p>We contribute to and strengthen their businesses, with our legal expertise and experience to give them the opportunity to focus on their core areas, to protect children&#8217;s rights and increase the respect for children in the community.<\/p>\n","protected":false},"excerpt":{"rendered":"<p>CSR, Corporate Social Responsibility is about creating sustainable business strategies for our clients and is one of our areas of operation. Our vision is to make the world a little better by, in addition to law, providing the best CSR advice to our clients. Of course, we like to practice what we preach and therefore [&hellip;]<\/p>\n","protected":false},"author":1,"featured_media":0,"parent":926,"menu_order":340,"comment_status":"open","ping_status":"closed","template":"","meta":{"_acf_changed":false,"_genesis_hide_title":false,"_genesis_hide_breadcrumbs":false,"_genesis_hide_singular_image":false,"_genesis_hide_footer_widgets":false,"_genesis_custom_body_class":"","_genesis_custom_post_class":"","_genesis_layout":"","footnotes":""},"class_list":{"0":"post-930","1":"page","2":"type-page","3":"status-publish","5":"entry"},"acf":[],"yoast_head":"<!-- This site is optimized with the Yoast SEO plugin v24.7 - https:\/\/yoast.com\/wordpress\/plugins\/seo\/ -->\n<title>CSR | Ghatan Bauer Advokatbyr\u00e5 AB<\/title>\n<meta name=\"description\" content=\"CSR, Corporate Social Responsibility is about creating sustainable business strategies for our clients and is one of our areas of operation. Our vision is\" \/>\n<meta name=\"robots\" content=\"index, follow, max-snippet:-1, max-image-preview:large, max-video-preview:-1\" \/>\n<link rel=\"canonical\" href=\"https:\/\/www.ghatanbauer.se\/en\/us\/csr\/\" \/>\n<meta property=\"og:locale\" content=\"en_US\" \/>\n<meta property=\"og:type\" content=\"article\" \/>\n<meta property=\"og:title\" content=\"CSR | Ghatan Bauer Advokatbyr\u00e5 AB\" \/>\n<meta property=\"og:description\" content=\"CSR, Corporate Social Responsibility is about creating sustainable business strategies for our clients and is one of our areas of operation. Our vision is\" \/>\n<meta property=\"og:url\" content=\"https:\/\/www.ghatanbauer.se\/en\/us\/csr\/\" \/>\n<meta property=\"og:site_name\" content=\"Ghatan Bauer Advokatbyr\u00e5 AB\" \/>\n<meta property=\"article:modified_time\" content=\"2014-11-12T12:39:27+00:00\" \/>\n<meta name=\"twitter:card\" content=\"summary_large_image\" \/>\n<meta name=\"twitter:label1\" content=\"Est. reading time\" \/>\n\t<meta name=\"twitter:data1\" content=\"1 minute\" \/>\n<script type=\"application\/ld+json\" class=\"yoast-schema-graph\">{\"@context\":\"https:\/\/schema.org\",\"@graph\":[{\"@type\":\"WebPage\",\"@id\":\"https:\/\/www.ghatanbauer.se\/en\/us\/csr\/\",\"url\":\"https:\/\/www.ghatanbauer.se\/en\/us\/csr\/\",\"name\":\"CSR | Ghatan Bauer Advokatbyr\u00e5 AB\",\"isPartOf\":{\"@id\":\"https:\/\/www.ghatanbauer.se\/#website\"},\"datePublished\":\"2014-09-22T08:20:13+00:00\",\"dateModified\":\"2014-11-12T12:39:27+00:00\",\"description\":\"CSR, Corporate Social Responsibility is about creating sustainable business strategies for our clients and is one of our areas of operation. Our vision is\",\"breadcrumb\":{\"@id\":\"https:\/\/www.ghatanbauer.se\/en\/us\/csr\/#breadcrumb\"},\"inLanguage\":\"en-US\",\"potentialAction\":[{\"@type\":\"ReadAction\",\"target\":[\"https:\/\/www.ghatanbauer.se\/en\/us\/csr\/\"]}]},{\"@type\":\"BreadcrumbList\",\"@id\":\"https:\/\/www.ghatanbauer.se\/en\/us\/csr\/#breadcrumb\",\"itemListElement\":[{\"@type\":\"ListItem\",\"position\":1,\"name\":\"Hem\",\"item\":\"https:\/\/www.ghatanbauer.se\/\"},{\"@type\":\"ListItem\",\"position\":2,\"name\":\"About us\",\"item\":\"https:\/\/www.ghatanbauer.se\/en\/us\/\"},{\"@type\":\"ListItem\",\"position\":3,\"name\":\"CSR\"}]},{\"@type\":\"WebSite\",\"@id\":\"https:\/\/www.ghatanbauer.se\/#website\",\"url\":\"https:\/\/www.ghatanbauer.se\/\",\"name\":\"Ghatan Bauer Advokatbyr\u00e5 AB\",\"description\":\"Professionell och kostnadseffektiv aff\u00e4rsjuridisk r\u00e5dgivning.\",\"potentialAction\":[{\"@type\":\"SearchAction\",\"target\":{\"@type\":\"EntryPoint\",\"urlTemplate\":\"https:\/\/www.ghatanbauer.se\/?s={search_term_string}\"},\"query-input\":{\"@type\":\"PropertyValueSpecification\",\"valueRequired\":true,\"valueName\":\"search_term_string\"}}],\"inLanguage\":\"en-US\"}]}<\/script>\n<!-- \/ Yoast SEO plugin. -->","yoast_head_json":{"title":"CSR | Ghatan Bauer Advokatbyr\u00e5 AB","description":"CSR, Corporate Social Responsibility is about creating sustainable business strategies for our clients and is one of our areas of operation. Our vision is","robots":{"index":"index","follow":"follow","max-snippet":"max-snippet:-1","max-image-preview":"max-image-preview:large","max-video-preview":"max-video-preview:-1"},"canonical":"https:\/\/www.ghatanbauer.se\/en\/us\/csr\/","og_locale":"en_US","og_type":"article","og_title":"CSR | Ghatan Bauer Advokatbyr\u00e5 AB","og_description":"CSR, Corporate Social Responsibility is about creating sustainable business strategies for our clients and is one of our areas of operation. Our vision is","og_url":"https:\/\/www.ghatanbauer.se\/en\/us\/csr\/","og_site_name":"Ghatan Bauer Advokatbyr\u00e5 AB","article_modified_time":"2014-11-12T12:39:27+00:00","twitter_card":"summary_large_image","twitter_misc":{"Est. reading time":"1 minute"},"schema":{"@context":"https:\/\/schema.org","@graph":[{"@type":"WebPage","@id":"https:\/\/www.ghatanbauer.se\/en\/us\/csr\/","url":"https:\/\/www.ghatanbauer.se\/en\/us\/csr\/","name":"CSR | Ghatan Bauer Advokatbyr\u00e5 AB","isPartOf":{"@id":"https:\/\/www.ghatanbauer.se\/#website"},"datePublished":"2014-09-22T08:20:13+00:00","dateModified":"2014-11-12T12:39:27+00:00","description":"CSR, Corporate Social Responsibility is about creating sustainable business strategies for our clients and is one of our areas of operation. Our vision is","breadcrumb":{"@id":"https:\/\/www.ghatanbauer.se\/en\/us\/csr\/#breadcrumb"},"inLanguage":"en-US","potentialAction":[{"@type":"ReadAction","target":["https:\/\/www.ghatanbauer.se\/en\/us\/csr\/"]}]},{"@type":"BreadcrumbList","@id":"https:\/\/www.ghatanbauer.se\/en\/us\/csr\/#breadcrumb","itemListElement":[{"@type":"ListItem","position":1,"name":"Hem","item":"https:\/\/www.ghatanbauer.se\/"},{"@type":"ListItem","position":2,"name":"About us","item":"https:\/\/www.ghatanbauer.se\/en\/us\/"},{"@type":"ListItem","position":3,"name":"CSR"}]},{"@type":"WebSite","@id":"https:\/\/www.ghatanbauer.se\/#website","url":"https:\/\/www.ghatanbauer.se\/","name":"Ghatan Bauer Advokatbyr\u00e5 AB","description":"Professionell och kostnadseffektiv aff\u00e4rsjuridisk r\u00e5dgivning.","potentialAction":[{"@type":"SearchAction","target":{"@type":"EntryPoint","urlTemplate":"https:\/\/www.ghatanbauer.se\/?s={search_term_string}"},"query-input":{"@type":"PropertyValueSpecification","valueRequired":true,"valueName":"search_term_string"}}],"inLanguage":"en-US"}]}},"_links":{"self":[{"href":"https:\/\/www.ghatanbauer.se\/en\/wp-json\/wp\/v2\/pages\/930","targetHints":{"allow":["GET"]}}],"collection":[{"href":"https:\/\/www.ghatanbauer.se\/en\/wp-json\/wp\/v2\/pages"}],"about":[{"href":"https:\/\/www.ghatanbauer.se\/en\/wp-json\/wp\/v2\/types\/page"}],"author":[{"embeddable":true,"href":"https:\/\/www.ghatanbauer.se\/en\/wp-json\/wp\/v2\/users\/1"}],"replies":[{"embeddable":true,"href":"https:\/\/www.ghatanbauer.se\/en\/wp-json\/wp\/v2\/comments?post=930"}],"version-history":[{"count":3,"href":"https:\/\/www.ghatanbauer.se\/en\/wp-json\/wp\/v2\/pages\/930\/revisions"}],"predecessor-version":[{"id":1215,"href":"https:\/\/www.ghatanbauer.se\/en\/wp-json\/wp\/v2\/pages\/930\/revisions\/1215"}],"up":[{"embeddable":true,"href":"https:\/\/www.ghatanbauer.se\/en\/wp-json\/wp\/v2\/pages\/926"}],"wp:attachment":[{"href":"https:\/\/www.ghatanbauer.se\/en\/wp-json\/wp\/v2\/media?parent=930"}],"curies":[{"name":"wp","href":"https:\/\/api.w.org\/{rel}","templated":true}]}}