{"id":929,"date":"2014-09-22T10:20:48","date_gmt":"2014-09-22T08:20:48","guid":{"rendered":"http:\/\/ghatanbauer.se.php54-1.dfw1-1.websitetestlink.com\/?page_id=929"},"modified":"2014-11-12T13:39:00","modified_gmt":"2014-11-12T12:39:00","slug":"values","status":"publish","type":"page","link":"https:\/\/www.ghatanbauer.se\/en\/us\/values\/","title":{"rendered":"Our values"},"content":{"rendered":"<p><img loading=\"lazy\" decoding=\"async\" class=\"alignnone size-full wp-image-855\" src=\"\/wp-content\/uploads\/varavarderingar.jpg\" alt=\"varavarderingar\" width=\"710\" height=\"236\" srcset=\"https:\/\/www.ghatanbauer.se\/wp-content\/uploads\/varavarderingar.jpg 710w, https:\/\/www.ghatanbauer.se\/wp-content\/uploads\/varavarderingar-300x99.jpg 300w\" sizes=\"auto, (max-width: 710px) 100vw, 710px\" \/><br \/>\nOur values \u200b\u200bare the basis and guiding principle for all those working at the firm. Our values \u200b\u200bprovide both meaning and motivation, and together they form our firm culture.<\/p>\n<p><strong>Personal<\/strong><br \/>\nIn our daily work at the law firm and in the cooperation with our clients, we are humble, friendly, attentive and unpretentious.<\/p>\n<p><strong>Involved<\/strong><br \/>\nTo perform and achieve good results and build value, we are focused, dedicated, have a future perspective and an ability to see the big picture.<\/p>\n<p><strong>Long-term<\/strong><br \/>\nWe see the &#8220;law&#8221; in every business, take a holistic approach and take responsibility for our clients. In addition to the law, we also take responsibility for CSR work in the transaction.<\/p>\n","protected":false},"excerpt":{"rendered":"<p>Our values \u200b\u200bare the basis and guiding principle for all those working at the firm. Our values \u200b\u200bprovide both meaning and motivation, and together they form our firm culture. Personal In our daily work at the law firm and in the cooperation with our clients, we are humble, friendly, attentive and unpretentious. Involved To perform [&hellip;]<\/p>\n","protected":false},"author":1,"featured_media":0,"parent":926,"menu_order":330,"comment_status":"open","ping_status":"closed","template":"","meta":{"_acf_changed":false,"_genesis_hide_title":false,"_genesis_hide_breadcrumbs":false,"_genesis_hide_singular_image":false,"_genesis_hide_footer_widgets":false,"_genesis_custom_body_class":"","_genesis_custom_post_class":"","_genesis_layout":"","footnotes":""},"class_list":{"0":"post-929","1":"page","2":"type-page","3":"status-publish","5":"entry"},"acf":[],"yoast_head":"<!-- This site is optimized with the Yoast SEO plugin v24.7 - https:\/\/yoast.com\/wordpress\/plugins\/seo\/ -->\n<title>Our values | Ghatan Bauer Advokatbyr\u00e5 AB<\/title>\n<meta name=\"description\" content=\"Our values \u200b\u200bare the basis and guiding principle for all those working at the firm. Our values \u200b\u200bprovide both meaning and motivation, and together they\" \/>\n<meta name=\"robots\" content=\"index, follow, max-snippet:-1, max-image-preview:large, max-video-preview:-1\" \/>\n<link rel=\"canonical\" href=\"https:\/\/www.ghatanbauer.se\/en\/us\/values\/\" \/>\n<meta property=\"og:locale\" content=\"en_US\" \/>\n<meta property=\"og:type\" content=\"article\" \/>\n<meta property=\"og:title\" content=\"Our values | Ghatan Bauer Advokatbyr\u00e5 AB\" \/>\n<meta property=\"og:description\" content=\"Our values \u200b\u200bare the basis and guiding principle for all those working at the firm. Our values \u200b\u200bprovide both meaning and motivation, and together they\" \/>\n<meta property=\"og:url\" content=\"https:\/\/www.ghatanbauer.se\/en\/us\/values\/\" \/>\n<meta property=\"og:site_name\" content=\"Ghatan Bauer Advokatbyr\u00e5 AB\" \/>\n<meta property=\"article:modified_time\" content=\"2014-11-12T12:39:00+00:00\" \/>\n<meta name=\"twitter:card\" content=\"summary_large_image\" \/>\n<meta name=\"twitter:label1\" content=\"Est. reading time\" \/>\n\t<meta name=\"twitter:data1\" content=\"1 minute\" \/>\n<script type=\"application\/ld+json\" class=\"yoast-schema-graph\">{\"@context\":\"https:\/\/schema.org\",\"@graph\":[{\"@type\":\"WebPage\",\"@id\":\"https:\/\/www.ghatanbauer.se\/en\/us\/values\/\",\"url\":\"https:\/\/www.ghatanbauer.se\/en\/us\/values\/\",\"name\":\"Our values | Ghatan Bauer Advokatbyr\u00e5 AB\",\"isPartOf\":{\"@id\":\"https:\/\/www.ghatanbauer.se\/#website\"},\"datePublished\":\"2014-09-22T08:20:48+00:00\",\"dateModified\":\"2014-11-12T12:39:00+00:00\",\"description\":\"Our values \u200b\u200bare the basis and guiding principle for all those working at the firm. Our values \u200b\u200bprovide both meaning and motivation, and together they\",\"breadcrumb\":{\"@id\":\"https:\/\/www.ghatanbauer.se\/en\/us\/values\/#breadcrumb\"},\"inLanguage\":\"en-US\",\"potentialAction\":[{\"@type\":\"ReadAction\",\"target\":[\"https:\/\/www.ghatanbauer.se\/en\/us\/values\/\"]}]},{\"@type\":\"BreadcrumbList\",\"@id\":\"https:\/\/www.ghatanbauer.se\/en\/us\/values\/#breadcrumb\",\"itemListElement\":[{\"@type\":\"ListItem\",\"position\":1,\"name\":\"Hem\",\"item\":\"https:\/\/www.ghatanbauer.se\/\"},{\"@type\":\"ListItem\",\"position\":2,\"name\":\"About us\",\"item\":\"https:\/\/www.ghatanbauer.se\/en\/us\/\"},{\"@type\":\"ListItem\",\"position\":3,\"name\":\"Our values\"}]},{\"@type\":\"WebSite\",\"@id\":\"https:\/\/www.ghatanbauer.se\/#website\",\"url\":\"https:\/\/www.ghatanbauer.se\/\",\"name\":\"Ghatan Bauer Advokatbyr\u00e5 AB\",\"description\":\"Professionell och kostnadseffektiv aff\u00e4rsjuridisk r\u00e5dgivning.\",\"potentialAction\":[{\"@type\":\"SearchAction\",\"target\":{\"@type\":\"EntryPoint\",\"urlTemplate\":\"https:\/\/www.ghatanbauer.se\/?s={search_term_string}\"},\"query-input\":{\"@type\":\"PropertyValueSpecification\",\"valueRequired\":true,\"valueName\":\"search_term_string\"}}],\"inLanguage\":\"en-US\"}]}<\/script>\n<!-- \/ Yoast SEO plugin. -->","yoast_head_json":{"title":"Our values | Ghatan Bauer Advokatbyr\u00e5 AB","description":"Our values \u200b\u200bare the basis and guiding principle for all those working at the firm. Our values \u200b\u200bprovide both meaning and motivation, and together they","robots":{"index":"index","follow":"follow","max-snippet":"max-snippet:-1","max-image-preview":"max-image-preview:large","max-video-preview":"max-video-preview:-1"},"canonical":"https:\/\/www.ghatanbauer.se\/en\/us\/values\/","og_locale":"en_US","og_type":"article","og_title":"Our values | Ghatan Bauer Advokatbyr\u00e5 AB","og_description":"Our values \u200b\u200bare the basis and guiding principle for all those working at the firm. Our values \u200b\u200bprovide both meaning and motivation, and together they","og_url":"https:\/\/www.ghatanbauer.se\/en\/us\/values\/","og_site_name":"Ghatan Bauer Advokatbyr\u00e5 AB","article_modified_time":"2014-11-12T12:39:00+00:00","twitter_card":"summary_large_image","twitter_misc":{"Est. reading time":"1 minute"},"schema":{"@context":"https:\/\/schema.org","@graph":[{"@type":"WebPage","@id":"https:\/\/www.ghatanbauer.se\/en\/us\/values\/","url":"https:\/\/www.ghatanbauer.se\/en\/us\/values\/","name":"Our values | Ghatan Bauer Advokatbyr\u00e5 AB","isPartOf":{"@id":"https:\/\/www.ghatanbauer.se\/#website"},"datePublished":"2014-09-22T08:20:48+00:00","dateModified":"2014-11-12T12:39:00+00:00","description":"Our values \u200b\u200bare the basis and guiding principle for all those working at the firm. Our values \u200b\u200bprovide both meaning and motivation, and together they","breadcrumb":{"@id":"https:\/\/www.ghatanbauer.se\/en\/us\/values\/#breadcrumb"},"inLanguage":"en-US","potentialAction":[{"@type":"ReadAction","target":["https:\/\/www.ghatanbauer.se\/en\/us\/values\/"]}]},{"@type":"BreadcrumbList","@id":"https:\/\/www.ghatanbauer.se\/en\/us\/values\/#breadcrumb","itemListElement":[{"@type":"ListItem","position":1,"name":"Hem","item":"https:\/\/www.ghatanbauer.se\/"},{"@type":"ListItem","position":2,"name":"About us","item":"https:\/\/www.ghatanbauer.se\/en\/us\/"},{"@type":"ListItem","position":3,"name":"Our values"}]},{"@type":"WebSite","@id":"https:\/\/www.ghatanbauer.se\/#website","url":"https:\/\/www.ghatanbauer.se\/","name":"Ghatan Bauer Advokatbyr\u00e5 AB","description":"Professionell och kostnadseffektiv aff\u00e4rsjuridisk r\u00e5dgivning.","potentialAction":[{"@type":"SearchAction","target":{"@type":"EntryPoint","urlTemplate":"https:\/\/www.ghatanbauer.se\/?s={search_term_string}"},"query-input":{"@type":"PropertyValueSpecification","valueRequired":true,"valueName":"search_term_string"}}],"inLanguage":"en-US"}]}},"_links":{"self":[{"href":"https:\/\/www.ghatanbauer.se\/en\/wp-json\/wp\/v2\/pages\/929","targetHints":{"allow":["GET"]}}],"collection":[{"href":"https:\/\/www.ghatanbauer.se\/en\/wp-json\/wp\/v2\/pages"}],"about":[{"href":"https:\/\/www.ghatanbauer.se\/en\/wp-json\/wp\/v2\/types\/page"}],"author":[{"embeddable":true,"href":"https:\/\/www.ghatanbauer.se\/en\/wp-json\/wp\/v2\/users\/1"}],"replies":[{"embeddable":true,"href":"https:\/\/www.ghatanbauer.se\/en\/wp-json\/wp\/v2\/comments?post=929"}],"version-history":[{"count":3,"href":"https:\/\/www.ghatanbauer.se\/en\/wp-json\/wp\/v2\/pages\/929\/revisions"}],"predecessor-version":[{"id":1214,"href":"https:\/\/www.ghatanbauer.se\/en\/wp-json\/wp\/v2\/pages\/929\/revisions\/1214"}],"up":[{"embeddable":true,"href":"https:\/\/www.ghatanbauer.se\/en\/wp-json\/wp\/v2\/pages\/926"}],"wp:attachment":[{"href":"https:\/\/www.ghatanbauer.se\/en\/wp-json\/wp\/v2\/media?parent=929"}],"curies":[{"name":"wp","href":"https:\/\/api.w.org\/{rel}","templated":true}]}}