{"id":928,"date":"2014-09-22T10:21:27","date_gmt":"2014-09-22T08:21:27","guid":{"rendered":"http:\/\/ghatanbauer.se.php54-1.dfw1-1.websitetestlink.com\/?page_id=928"},"modified":"2014-11-14T15:07:55","modified_gmt":"2014-11-14T14:07:55","slug":"ghatan-bauer","status":"publish","type":"page","link":"https:\/\/www.ghatanbauer.se\/en\/us\/ghatan-bauer\/","title":{"rendered":"Why Ghatan Bauer"},"content":{"rendered":"<p><img loading=\"lazy\" decoding=\"async\" class=\"alignnone size-full wp-image-1040\" src=\"\/wp-content\/uploads\/varfor-ghatan-3.jpg\" alt=\"Varf\u00f6r Ghatan Bauer\" width=\"800\" height=\"395\" \/>Ghatan Bauer is a small law firm with great expertise. We always take on our assignments with great commitment and responsiveness. We always work with our clients in focus on the basis of your needs and desires to create the best possible results.<\/p>\n<p>With us you will experience a personal touch and we take the time to get to know your situation. A satisfied client is our best reward, and our passion.<\/p>\n<p>Please <a>Contact us<\/a> to find out more.<\/p>\n","protected":false},"excerpt":{"rendered":"<p>Ghatan Bauer is a small law firm with great expertise. We always take on our assignments with great commitment and responsiveness. We always work with our clients in focus on the basis of your needs and desires to create the best possible results. With us you will experience a personal touch and we take the [&hellip;]<\/p>\n","protected":false},"author":1,"featured_media":0,"parent":926,"menu_order":320,"comment_status":"open","ping_status":"closed","template":"","meta":{"_acf_changed":false,"_genesis_hide_title":false,"_genesis_hide_breadcrumbs":false,"_genesis_hide_singular_image":false,"_genesis_hide_footer_widgets":false,"_genesis_custom_body_class":"","_genesis_custom_post_class":"","_genesis_layout":"","footnotes":""},"class_list":{"0":"post-928","1":"page","2":"type-page","3":"status-publish","5":"entry","6":"has-post-thumbnail"},"acf":[],"yoast_head":"<!-- This site is optimized with the Yoast SEO plugin v24.7 - https:\/\/yoast.com\/wordpress\/plugins\/seo\/ -->\n<title>Why Ghatan Bauer | Ghatan Bauer Advokatbyr\u00e5 AB<\/title>\n<meta name=\"description\" content=\"Ghatan Bauer is a small law firm with great expertise. We always take on our assignments with great commitment and responsiveness. We always work with our\" \/>\n<meta name=\"robots\" content=\"index, follow, max-snippet:-1, max-image-preview:large, max-video-preview:-1\" \/>\n<link rel=\"canonical\" href=\"https:\/\/www.ghatanbauer.se\/en\/us\/ghatan-bauer\/\" \/>\n<meta property=\"og:locale\" content=\"en_US\" \/>\n<meta property=\"og:type\" content=\"article\" \/>\n<meta property=\"og:title\" content=\"Why Ghatan Bauer | Ghatan Bauer Advokatbyr\u00e5 AB\" \/>\n<meta property=\"og:description\" content=\"Ghatan Bauer is a small law firm with great expertise. We always take on our assignments with great commitment and responsiveness. We always work with our\" \/>\n<meta property=\"og:url\" content=\"https:\/\/www.ghatanbauer.se\/en\/us\/ghatan-bauer\/\" \/>\n<meta property=\"og:site_name\" content=\"Ghatan Bauer Advokatbyr\u00e5 AB\" \/>\n<meta property=\"article:modified_time\" content=\"2014-11-14T14:07:55+00:00\" \/>\n<meta name=\"twitter:card\" content=\"summary_large_image\" \/>\n<script type=\"application\/ld+json\" class=\"yoast-schema-graph\">{\"@context\":\"https:\/\/schema.org\",\"@graph\":[{\"@type\":\"WebPage\",\"@id\":\"https:\/\/www.ghatanbauer.se\/en\/us\/ghatan-bauer\/\",\"url\":\"https:\/\/www.ghatanbauer.se\/en\/us\/ghatan-bauer\/\",\"name\":\"Why Ghatan Bauer | Ghatan Bauer Advokatbyr\u00e5 AB\",\"isPartOf\":{\"@id\":\"https:\/\/www.ghatanbauer.se\/#website\"},\"datePublished\":\"2014-09-22T08:21:27+00:00\",\"dateModified\":\"2014-11-14T14:07:55+00:00\",\"description\":\"Ghatan Bauer is a small law firm with great expertise. We always take on our assignments with great commitment and responsiveness. We always work with our\",\"breadcrumb\":{\"@id\":\"https:\/\/www.ghatanbauer.se\/en\/us\/ghatan-bauer\/#breadcrumb\"},\"inLanguage\":\"en-US\",\"potentialAction\":[{\"@type\":\"ReadAction\",\"target\":[\"https:\/\/www.ghatanbauer.se\/en\/us\/ghatan-bauer\/\"]}]},{\"@type\":\"BreadcrumbList\",\"@id\":\"https:\/\/www.ghatanbauer.se\/en\/us\/ghatan-bauer\/#breadcrumb\",\"itemListElement\":[{\"@type\":\"ListItem\",\"position\":1,\"name\":\"Hem\",\"item\":\"https:\/\/www.ghatanbauer.se\/\"},{\"@type\":\"ListItem\",\"position\":2,\"name\":\"About us\",\"item\":\"https:\/\/www.ghatanbauer.se\/en\/us\/\"},{\"@type\":\"ListItem\",\"position\":3,\"name\":\"Why Ghatan Bauer\"}]},{\"@type\":\"WebSite\",\"@id\":\"https:\/\/www.ghatanbauer.se\/#website\",\"url\":\"https:\/\/www.ghatanbauer.se\/\",\"name\":\"Ghatan Bauer Advokatbyr\u00e5 AB\",\"description\":\"Professionell och kostnadseffektiv aff\u00e4rsjuridisk r\u00e5dgivning.\",\"potentialAction\":[{\"@type\":\"SearchAction\",\"target\":{\"@type\":\"EntryPoint\",\"urlTemplate\":\"https:\/\/www.ghatanbauer.se\/?s={search_term_string}\"},\"query-input\":{\"@type\":\"PropertyValueSpecification\",\"valueRequired\":true,\"valueName\":\"search_term_string\"}}],\"inLanguage\":\"en-US\"}]}<\/script>\n<!-- \/ Yoast SEO plugin. -->","yoast_head_json":{"title":"Why Ghatan Bauer | Ghatan Bauer Advokatbyr\u00e5 AB","description":"Ghatan Bauer is a small law firm with great expertise. We always take on our assignments with great commitment and responsiveness. We always work with our","robots":{"index":"index","follow":"follow","max-snippet":"max-snippet:-1","max-image-preview":"max-image-preview:large","max-video-preview":"max-video-preview:-1"},"canonical":"https:\/\/www.ghatanbauer.se\/en\/us\/ghatan-bauer\/","og_locale":"en_US","og_type":"article","og_title":"Why Ghatan Bauer | Ghatan Bauer Advokatbyr\u00e5 AB","og_description":"Ghatan Bauer is a small law firm with great expertise. We always take on our assignments with great commitment and responsiveness. We always work with our","og_url":"https:\/\/www.ghatanbauer.se\/en\/us\/ghatan-bauer\/","og_site_name":"Ghatan Bauer Advokatbyr\u00e5 AB","article_modified_time":"2014-11-14T14:07:55+00:00","twitter_card":"summary_large_image","schema":{"@context":"https:\/\/schema.org","@graph":[{"@type":"WebPage","@id":"https:\/\/www.ghatanbauer.se\/en\/us\/ghatan-bauer\/","url":"https:\/\/www.ghatanbauer.se\/en\/us\/ghatan-bauer\/","name":"Why Ghatan Bauer | Ghatan Bauer Advokatbyr\u00e5 AB","isPartOf":{"@id":"https:\/\/www.ghatanbauer.se\/#website"},"datePublished":"2014-09-22T08:21:27+00:00","dateModified":"2014-11-14T14:07:55+00:00","description":"Ghatan Bauer is a small law firm with great expertise. We always take on our assignments with great commitment and responsiveness. We always work with our","breadcrumb":{"@id":"https:\/\/www.ghatanbauer.se\/en\/us\/ghatan-bauer\/#breadcrumb"},"inLanguage":"en-US","potentialAction":[{"@type":"ReadAction","target":["https:\/\/www.ghatanbauer.se\/en\/us\/ghatan-bauer\/"]}]},{"@type":"BreadcrumbList","@id":"https:\/\/www.ghatanbauer.se\/en\/us\/ghatan-bauer\/#breadcrumb","itemListElement":[{"@type":"ListItem","position":1,"name":"Hem","item":"https:\/\/www.ghatanbauer.se\/"},{"@type":"ListItem","position":2,"name":"About us","item":"https:\/\/www.ghatanbauer.se\/en\/us\/"},{"@type":"ListItem","position":3,"name":"Why Ghatan Bauer"}]},{"@type":"WebSite","@id":"https:\/\/www.ghatanbauer.se\/#website","url":"https:\/\/www.ghatanbauer.se\/","name":"Ghatan Bauer Advokatbyr\u00e5 AB","description":"Professionell och kostnadseffektiv aff\u00e4rsjuridisk r\u00e5dgivning.","potentialAction":[{"@type":"SearchAction","target":{"@type":"EntryPoint","urlTemplate":"https:\/\/www.ghatanbauer.se\/?s={search_term_string}"},"query-input":{"@type":"PropertyValueSpecification","valueRequired":true,"valueName":"search_term_string"}}],"inLanguage":"en-US"}]}},"_links":{"self":[{"href":"https:\/\/www.ghatanbauer.se\/en\/wp-json\/wp\/v2\/pages\/928","targetHints":{"allow":["GET"]}}],"collection":[{"href":"https:\/\/www.ghatanbauer.se\/en\/wp-json\/wp\/v2\/pages"}],"about":[{"href":"https:\/\/www.ghatanbauer.se\/en\/wp-json\/wp\/v2\/types\/page"}],"author":[{"embeddable":true,"href":"https:\/\/www.ghatanbauer.se\/en\/wp-json\/wp\/v2\/users\/1"}],"replies":[{"embeddable":true,"href":"https:\/\/www.ghatanbauer.se\/en\/wp-json\/wp\/v2\/comments?post=928"}],"version-history":[{"count":5,"href":"https:\/\/www.ghatanbauer.se\/en\/wp-json\/wp\/v2\/pages\/928\/revisions"}],"predecessor-version":[{"id":1227,"href":"https:\/\/www.ghatanbauer.se\/en\/wp-json\/wp\/v2\/pages\/928\/revisions\/1227"}],"up":[{"embeddable":true,"href":"https:\/\/www.ghatanbauer.se\/en\/wp-json\/wp\/v2\/pages\/926"}],"wp:attachment":[{"href":"https:\/\/www.ghatanbauer.se\/en\/wp-json\/wp\/v2\/media?parent=928"}],"curies":[{"name":"wp","href":"https:\/\/api.w.org\/{rel}","templated":true}]}}