{"id":927,"date":"2014-09-22T10:21:59","date_gmt":"2014-09-22T08:21:59","guid":{"rendered":"http:\/\/ghatanbauer.se.php54-1.dfw1-1.websitetestlink.com\/?page_id=927"},"modified":"2014-11-14T15:06:10","modified_gmt":"2014-11-14T14:06:10","slug":"work","status":"publish","type":"page","link":"https:\/\/www.ghatanbauer.se\/en\/us\/work\/","title":{"rendered":"How we work"},"content":{"rendered":"<p><img loading=\"lazy\" decoding=\"async\" class=\"alignnone size-full wp-image-1042\" src=\"\/wp-content\/uploads\/hur-vi-arbetar-3.jpg\" alt=\"Hur vi arbetar\" width=\"800\" height=\"352\" \/>To live up to our motto Competence and Quality, we work according to the PIL model, based on our values.<\/p>\n<p><strong>Personal<\/strong> &#8211; we always work closely with our clients and can therefore create the best conditions and provide the best recommendations.<\/p>\n<p><strong>Involved<\/strong> &#8211; we are always focused on and involved in the big picture.<\/p>\n<p><strong>Long term<\/strong> &#8211; we always work with long-term strategic business plans that create good conditions for our clients.<\/p>\n<p>We work with small local companies and major global players. In international matters, we work with professional and qualified partners to ensure local knowledge and expertise in our mission.<\/p>\n","protected":false},"excerpt":{"rendered":"<p>To live up to our motto Competence and Quality, we work according to the PIL model, based on our values. Personal &#8211; we always work closely with our clients and can therefore create the best conditions and provide the best recommendations. Involved &#8211; we are always focused on and involved in the big picture. Long [&hellip;]<\/p>\n","protected":false},"author":1,"featured_media":0,"parent":926,"menu_order":310,"comment_status":"open","ping_status":"closed","template":"","meta":{"_acf_changed":false,"_genesis_hide_title":false,"_genesis_hide_breadcrumbs":false,"_genesis_hide_singular_image":false,"_genesis_hide_footer_widgets":false,"_genesis_custom_body_class":"","_genesis_custom_post_class":"","_genesis_layout":"","footnotes":""},"class_list":{"0":"post-927","1":"page","2":"type-page","3":"status-publish","5":"entry","6":"has-post-thumbnail"},"acf":[],"yoast_head":"<!-- This site is optimized with the Yoast SEO plugin v24.7 - https:\/\/yoast.com\/wordpress\/plugins\/seo\/ -->\n<title>How we work | Ghatan Bauer Advokatbyr\u00e5 AB<\/title>\n<meta name=\"description\" content=\"To live up to our motto Competence and Quality, we work according to the PIL model, based on our values. Personal - we always work closely with our\" \/>\n<meta name=\"robots\" content=\"index, follow, max-snippet:-1, max-image-preview:large, max-video-preview:-1\" \/>\n<link rel=\"canonical\" href=\"https:\/\/www.ghatanbauer.se\/en\/us\/work\/\" \/>\n<meta property=\"og:locale\" content=\"en_US\" \/>\n<meta property=\"og:type\" content=\"article\" \/>\n<meta property=\"og:title\" content=\"How we work | Ghatan Bauer Advokatbyr\u00e5 AB\" \/>\n<meta property=\"og:description\" content=\"To live up to our motto Competence and Quality, we work according to the PIL model, based on our values. Personal - we always work closely with our\" \/>\n<meta property=\"og:url\" content=\"https:\/\/www.ghatanbauer.se\/en\/us\/work\/\" \/>\n<meta property=\"og:site_name\" content=\"Ghatan Bauer Advokatbyr\u00e5 AB\" \/>\n<meta property=\"article:modified_time\" content=\"2014-11-14T14:06:10+00:00\" \/>\n<meta name=\"twitter:card\" content=\"summary_large_image\" \/>\n<meta name=\"twitter:label1\" content=\"Est. reading time\" \/>\n\t<meta name=\"twitter:data1\" content=\"1 minute\" \/>\n<script type=\"application\/ld+json\" class=\"yoast-schema-graph\">{\"@context\":\"https:\/\/schema.org\",\"@graph\":[{\"@type\":\"WebPage\",\"@id\":\"https:\/\/www.ghatanbauer.se\/en\/us\/work\/\",\"url\":\"https:\/\/www.ghatanbauer.se\/en\/us\/work\/\",\"name\":\"How we work | Ghatan Bauer Advokatbyr\u00e5 AB\",\"isPartOf\":{\"@id\":\"https:\/\/www.ghatanbauer.se\/#website\"},\"datePublished\":\"2014-09-22T08:21:59+00:00\",\"dateModified\":\"2014-11-14T14:06:10+00:00\",\"description\":\"To live up to our motto Competence and Quality, we work according to the PIL model, based on our values. Personal - we always work closely with our\",\"breadcrumb\":{\"@id\":\"https:\/\/www.ghatanbauer.se\/en\/us\/work\/#breadcrumb\"},\"inLanguage\":\"en-US\",\"potentialAction\":[{\"@type\":\"ReadAction\",\"target\":[\"https:\/\/www.ghatanbauer.se\/en\/us\/work\/\"]}]},{\"@type\":\"BreadcrumbList\",\"@id\":\"https:\/\/www.ghatanbauer.se\/en\/us\/work\/#breadcrumb\",\"itemListElement\":[{\"@type\":\"ListItem\",\"position\":1,\"name\":\"Hem\",\"item\":\"https:\/\/www.ghatanbauer.se\/\"},{\"@type\":\"ListItem\",\"position\":2,\"name\":\"About us\",\"item\":\"https:\/\/www.ghatanbauer.se\/en\/us\/\"},{\"@type\":\"ListItem\",\"position\":3,\"name\":\"How we work\"}]},{\"@type\":\"WebSite\",\"@id\":\"https:\/\/www.ghatanbauer.se\/#website\",\"url\":\"https:\/\/www.ghatanbauer.se\/\",\"name\":\"Ghatan Bauer Advokatbyr\u00e5 AB\",\"description\":\"Professionell och kostnadseffektiv aff\u00e4rsjuridisk r\u00e5dgivning.\",\"potentialAction\":[{\"@type\":\"SearchAction\",\"target\":{\"@type\":\"EntryPoint\",\"urlTemplate\":\"https:\/\/www.ghatanbauer.se\/?s={search_term_string}\"},\"query-input\":{\"@type\":\"PropertyValueSpecification\",\"valueRequired\":true,\"valueName\":\"search_term_string\"}}],\"inLanguage\":\"en-US\"}]}<\/script>\n<!-- \/ Yoast SEO plugin. -->","yoast_head_json":{"title":"How we work | Ghatan Bauer Advokatbyr\u00e5 AB","description":"To live up to our motto Competence and Quality, we work according to the PIL model, based on our values. Personal - we always work closely with our","robots":{"index":"index","follow":"follow","max-snippet":"max-snippet:-1","max-image-preview":"max-image-preview:large","max-video-preview":"max-video-preview:-1"},"canonical":"https:\/\/www.ghatanbauer.se\/en\/us\/work\/","og_locale":"en_US","og_type":"article","og_title":"How we work | Ghatan Bauer Advokatbyr\u00e5 AB","og_description":"To live up to our motto Competence and Quality, we work according to the PIL model, based on our values. Personal - we always work closely with our","og_url":"https:\/\/www.ghatanbauer.se\/en\/us\/work\/","og_site_name":"Ghatan Bauer Advokatbyr\u00e5 AB","article_modified_time":"2014-11-14T14:06:10+00:00","twitter_card":"summary_large_image","twitter_misc":{"Est. reading time":"1 minute"},"schema":{"@context":"https:\/\/schema.org","@graph":[{"@type":"WebPage","@id":"https:\/\/www.ghatanbauer.se\/en\/us\/work\/","url":"https:\/\/www.ghatanbauer.se\/en\/us\/work\/","name":"How we work | Ghatan Bauer Advokatbyr\u00e5 AB","isPartOf":{"@id":"https:\/\/www.ghatanbauer.se\/#website"},"datePublished":"2014-09-22T08:21:59+00:00","dateModified":"2014-11-14T14:06:10+00:00","description":"To live up to our motto Competence and Quality, we work according to the PIL model, based on our values. Personal - we always work closely with our","breadcrumb":{"@id":"https:\/\/www.ghatanbauer.se\/en\/us\/work\/#breadcrumb"},"inLanguage":"en-US","potentialAction":[{"@type":"ReadAction","target":["https:\/\/www.ghatanbauer.se\/en\/us\/work\/"]}]},{"@type":"BreadcrumbList","@id":"https:\/\/www.ghatanbauer.se\/en\/us\/work\/#breadcrumb","itemListElement":[{"@type":"ListItem","position":1,"name":"Hem","item":"https:\/\/www.ghatanbauer.se\/"},{"@type":"ListItem","position":2,"name":"About us","item":"https:\/\/www.ghatanbauer.se\/en\/us\/"},{"@type":"ListItem","position":3,"name":"How we work"}]},{"@type":"WebSite","@id":"https:\/\/www.ghatanbauer.se\/#website","url":"https:\/\/www.ghatanbauer.se\/","name":"Ghatan Bauer Advokatbyr\u00e5 AB","description":"Professionell och kostnadseffektiv aff\u00e4rsjuridisk r\u00e5dgivning.","potentialAction":[{"@type":"SearchAction","target":{"@type":"EntryPoint","urlTemplate":"https:\/\/www.ghatanbauer.se\/?s={search_term_string}"},"query-input":{"@type":"PropertyValueSpecification","valueRequired":true,"valueName":"search_term_string"}}],"inLanguage":"en-US"}]}},"_links":{"self":[{"href":"https:\/\/www.ghatanbauer.se\/en\/wp-json\/wp\/v2\/pages\/927","targetHints":{"allow":["GET"]}}],"collection":[{"href":"https:\/\/www.ghatanbauer.se\/en\/wp-json\/wp\/v2\/pages"}],"about":[{"href":"https:\/\/www.ghatanbauer.se\/en\/wp-json\/wp\/v2\/types\/page"}],"author":[{"embeddable":true,"href":"https:\/\/www.ghatanbauer.se\/en\/wp-json\/wp\/v2\/users\/1"}],"replies":[{"embeddable":true,"href":"https:\/\/www.ghatanbauer.se\/en\/wp-json\/wp\/v2\/comments?post=927"}],"version-history":[{"count":5,"href":"https:\/\/www.ghatanbauer.se\/en\/wp-json\/wp\/v2\/pages\/927\/revisions"}],"predecessor-version":[{"id":1225,"href":"https:\/\/www.ghatanbauer.se\/en\/wp-json\/wp\/v2\/pages\/927\/revisions\/1225"}],"up":[{"embeddable":true,"href":"https:\/\/www.ghatanbauer.se\/en\/wp-json\/wp\/v2\/pages\/926"}],"wp:attachment":[{"href":"https:\/\/www.ghatanbauer.se\/en\/wp-json\/wp\/v2\/media?parent=927"}],"curies":[{"name":"wp","href":"https:\/\/api.w.org\/{rel}","templated":true}]}}