{"id":926,"date":"2014-09-22T10:23:05","date_gmt":"2014-09-22T08:23:05","guid":{"rendered":"http:\/\/ghatanbauer.se.php54-1.dfw1-1.websitetestlink.com\/?page_id=926"},"modified":"2014-11-12T13:37:16","modified_gmt":"2014-11-12T12:37:16","slug":"us","status":"publish","type":"page","link":"https:\/\/www.ghatanbauer.se\/en\/us\/","title":{"rendered":"About us"},"content":{"rendered":"<div class=\"one-half first\"><img loading=\"lazy\" decoding=\"async\" class=\"alignnone wp-image-1038 size-full\" src=\"\/wp-content\/uploads\/afsaneh-om-oss.jpg\" alt=\"Afsaneh\" width=\"350\" height=\"525\" srcset=\"https:\/\/www.ghatanbauer.se\/wp-content\/uploads\/afsaneh-om-oss.jpg 350w, https:\/\/www.ghatanbauer.se\/wp-content\/uploads\/afsaneh-om-oss-200x300.jpg 200w\" sizes=\"auto, (max-width: 350px) 100vw, 350px\" \/><\/div>\n<div class=\"one-half\">\n<p>In 1997 I founded the law firm Ghatan Bauer. In the past 14 years since then, we have grown into a law firm that successfully provides small, medium and listed Swedish and international companies professional and cost-effective business law advice.<\/p>\n<p>We have been trusted to follow many of our clients on exciting journeys from small private companies to major global players and have helped them make important and long-term decisions that have secured their expansion, built value and created sustainable development.<\/p>\n<p>Today, we work with contractual matters, company law, intellectual property and CSR advice in order to generate profit and competitive advantages for our clients. Competence and quality are our keywords and we always strive to act in a proper, knowledgeable and well informed manner.<\/p>\n<p><strong>Afsaneh Ghatan Bauer, CEO and founder.<\/strong><\/p>\n<\/div>\n","protected":false},"excerpt":{"rendered":"<p>In 1997 I founded the law firm Ghatan Bauer. In the past 14 years since then, we have grown into a law firm that successfully provides small, medium and listed Swedish and international companies professional and cost-effective business law advice. We have been trusted to follow many of our clients on exciting journeys from small [&hellip;]<\/p>\n","protected":false},"author":1,"featured_media":0,"parent":0,"menu_order":300,"comment_status":"open","ping_status":"closed","template":"","meta":{"_acf_changed":false,"_genesis_hide_title":false,"_genesis_hide_breadcrumbs":false,"_genesis_hide_singular_image":false,"_genesis_hide_footer_widgets":false,"_genesis_custom_body_class":"","_genesis_custom_post_class":"","_genesis_layout":"","footnotes":""},"class_list":{"0":"post-926","1":"page","2":"type-page","3":"status-publish","5":"entry"},"acf":[],"yoast_head":"<!-- This site is optimized with the Yoast SEO plugin v24.7 - https:\/\/yoast.com\/wordpress\/plugins\/seo\/ -->\n<title>About us | Ghatan Bauer Advokatbyr\u00e5 AB<\/title>\n<meta name=\"description\" content=\"In 1997 I founded the law firm Ghatan Bauer. In the past 14 years since then, we have grown into a law firm that successfully provides small, medium and\" \/>\n<meta name=\"robots\" content=\"index, follow, max-snippet:-1, max-image-preview:large, max-video-preview:-1\" \/>\n<link rel=\"canonical\" href=\"https:\/\/www.ghatanbauer.se\/en\/us\/\" \/>\n<meta property=\"og:locale\" content=\"en_US\" \/>\n<meta property=\"og:type\" content=\"article\" \/>\n<meta property=\"og:title\" content=\"About us | Ghatan Bauer Advokatbyr\u00e5 AB\" \/>\n<meta property=\"og:description\" content=\"In 1997 I founded the law firm Ghatan Bauer. In the past 14 years since then, we have grown into a law firm that successfully provides small, medium and\" \/>\n<meta property=\"og:url\" content=\"https:\/\/www.ghatanbauer.se\/en\/us\/\" \/>\n<meta property=\"og:site_name\" content=\"Ghatan Bauer Advokatbyr\u00e5 AB\" \/>\n<meta property=\"article:modified_time\" content=\"2014-11-12T12:37:16+00:00\" \/>\n<meta name=\"twitter:card\" content=\"summary_large_image\" \/>\n<meta name=\"twitter:label1\" content=\"Est. reading time\" \/>\n\t<meta name=\"twitter:data1\" content=\"1 minute\" \/>\n<script type=\"application\/ld+json\" class=\"yoast-schema-graph\">{\"@context\":\"https:\/\/schema.org\",\"@graph\":[{\"@type\":\"WebPage\",\"@id\":\"https:\/\/www.ghatanbauer.se\/en\/us\/\",\"url\":\"https:\/\/www.ghatanbauer.se\/en\/us\/\",\"name\":\"About us | Ghatan Bauer Advokatbyr\u00e5 AB\",\"isPartOf\":{\"@id\":\"https:\/\/www.ghatanbauer.se\/#website\"},\"datePublished\":\"2014-09-22T08:23:05+00:00\",\"dateModified\":\"2014-11-12T12:37:16+00:00\",\"description\":\"In 1997 I founded the law firm Ghatan Bauer. In the past 14 years since then, we have grown into a law firm that successfully provides small, medium and\",\"breadcrumb\":{\"@id\":\"https:\/\/www.ghatanbauer.se\/en\/us\/#breadcrumb\"},\"inLanguage\":\"en-US\",\"potentialAction\":[{\"@type\":\"ReadAction\",\"target\":[\"https:\/\/www.ghatanbauer.se\/en\/us\/\"]}]},{\"@type\":\"BreadcrumbList\",\"@id\":\"https:\/\/www.ghatanbauer.se\/en\/us\/#breadcrumb\",\"itemListElement\":[{\"@type\":\"ListItem\",\"position\":1,\"name\":\"Hem\",\"item\":\"https:\/\/www.ghatanbauer.se\/\"},{\"@type\":\"ListItem\",\"position\":2,\"name\":\"About us\"}]},{\"@type\":\"WebSite\",\"@id\":\"https:\/\/www.ghatanbauer.se\/#website\",\"url\":\"https:\/\/www.ghatanbauer.se\/\",\"name\":\"Ghatan Bauer Advokatbyr\u00e5 AB\",\"description\":\"Professionell och kostnadseffektiv aff\u00e4rsjuridisk r\u00e5dgivning.\",\"potentialAction\":[{\"@type\":\"SearchAction\",\"target\":{\"@type\":\"EntryPoint\",\"urlTemplate\":\"https:\/\/www.ghatanbauer.se\/?s={search_term_string}\"},\"query-input\":{\"@type\":\"PropertyValueSpecification\",\"valueRequired\":true,\"valueName\":\"search_term_string\"}}],\"inLanguage\":\"en-US\"}]}<\/script>\n<!-- \/ Yoast SEO plugin. -->","yoast_head_json":{"title":"About us | Ghatan Bauer Advokatbyr\u00e5 AB","description":"In 1997 I founded the law firm Ghatan Bauer. In the past 14 years since then, we have grown into a law firm that successfully provides small, medium and","robots":{"index":"index","follow":"follow","max-snippet":"max-snippet:-1","max-image-preview":"max-image-preview:large","max-video-preview":"max-video-preview:-1"},"canonical":"https:\/\/www.ghatanbauer.se\/en\/us\/","og_locale":"en_US","og_type":"article","og_title":"About us | Ghatan Bauer Advokatbyr\u00e5 AB","og_description":"In 1997 I founded the law firm Ghatan Bauer. In the past 14 years since then, we have grown into a law firm that successfully provides small, medium and","og_url":"https:\/\/www.ghatanbauer.se\/en\/us\/","og_site_name":"Ghatan Bauer Advokatbyr\u00e5 AB","article_modified_time":"2014-11-12T12:37:16+00:00","twitter_card":"summary_large_image","twitter_misc":{"Est. reading time":"1 minute"},"schema":{"@context":"https:\/\/schema.org","@graph":[{"@type":"WebPage","@id":"https:\/\/www.ghatanbauer.se\/en\/us\/","url":"https:\/\/www.ghatanbauer.se\/en\/us\/","name":"About us | Ghatan Bauer Advokatbyr\u00e5 AB","isPartOf":{"@id":"https:\/\/www.ghatanbauer.se\/#website"},"datePublished":"2014-09-22T08:23:05+00:00","dateModified":"2014-11-12T12:37:16+00:00","description":"In 1997 I founded the law firm Ghatan Bauer. In the past 14 years since then, we have grown into a law firm that successfully provides small, medium and","breadcrumb":{"@id":"https:\/\/www.ghatanbauer.se\/en\/us\/#breadcrumb"},"inLanguage":"en-US","potentialAction":[{"@type":"ReadAction","target":["https:\/\/www.ghatanbauer.se\/en\/us\/"]}]},{"@type":"BreadcrumbList","@id":"https:\/\/www.ghatanbauer.se\/en\/us\/#breadcrumb","itemListElement":[{"@type":"ListItem","position":1,"name":"Hem","item":"https:\/\/www.ghatanbauer.se\/"},{"@type":"ListItem","position":2,"name":"About us"}]},{"@type":"WebSite","@id":"https:\/\/www.ghatanbauer.se\/#website","url":"https:\/\/www.ghatanbauer.se\/","name":"Ghatan Bauer Advokatbyr\u00e5 AB","description":"Professionell och kostnadseffektiv aff\u00e4rsjuridisk r\u00e5dgivning.","potentialAction":[{"@type":"SearchAction","target":{"@type":"EntryPoint","urlTemplate":"https:\/\/www.ghatanbauer.se\/?s={search_term_string}"},"query-input":{"@type":"PropertyValueSpecification","valueRequired":true,"valueName":"search_term_string"}}],"inLanguage":"en-US"}]}},"_links":{"self":[{"href":"https:\/\/www.ghatanbauer.se\/en\/wp-json\/wp\/v2\/pages\/926","targetHints":{"allow":["GET"]}}],"collection":[{"href":"https:\/\/www.ghatanbauer.se\/en\/wp-json\/wp\/v2\/pages"}],"about":[{"href":"https:\/\/www.ghatanbauer.se\/en\/wp-json\/wp\/v2\/types\/page"}],"author":[{"embeddable":true,"href":"https:\/\/www.ghatanbauer.se\/en\/wp-json\/wp\/v2\/users\/1"}],"replies":[{"embeddable":true,"href":"https:\/\/www.ghatanbauer.se\/en\/wp-json\/wp\/v2\/comments?post=926"}],"version-history":[{"count":5,"href":"https:\/\/www.ghatanbauer.se\/en\/wp-json\/wp\/v2\/pages\/926\/revisions"}],"predecessor-version":[{"id":1211,"href":"https:\/\/www.ghatanbauer.se\/en\/wp-json\/wp\/v2\/pages\/926\/revisions\/1211"}],"wp:attachment":[{"href":"https:\/\/www.ghatanbauer.se\/en\/wp-json\/wp\/v2\/media?parent=926"}],"curies":[{"name":"wp","href":"https:\/\/api.w.org\/{rel}","templated":true}]}}