{"id":919,"date":"2014-09-22T10:15:05","date_gmt":"2014-09-22T08:15:05","guid":{"rendered":"http:\/\/ghatanbauer.se.php54-1.dfw1-1.websitetestlink.com\/?page_id=919"},"modified":"2025-04-30T13:32:08","modified_gmt":"2025-04-30T11:32:08","slug":"afsaneh-ghatan-bauer","status":"publish","type":"page","link":"https:\/\/www.ghatanbauer.se\/en\/coworkers\/afsaneh-ghatan-bauer\/","title":{"rendered":"Afsaneh Ghatan Bauer"},"content":{"rendered":"<div class=\"one-half first\"><img loading=\"lazy\" decoding=\"async\" class=\"alignnone wp-image-1134 size-full\" src=\"\/wp-content\/uploads\/afsaneh-advokat.jpg\" alt=\"\" width=\"350\" height=\"525\" srcset=\"https:\/\/www.ghatanbauer.se\/wp-content\/uploads\/afsaneh-advokat.jpg 350w, https:\/\/www.ghatanbauer.se\/wp-content\/uploads\/afsaneh-advokat-200x300.jpg 200w\" sizes=\"auto, (max-width: 350px) 100vw, 350px\" \/><\/div>\n<div class=\"one-half\">\n<p>Afsaneh Ghatan Bauer is the firm\u2019s founder and CEO.<br \/>\nAfsaneh is a member of the Swedish Bar Association since 2001. Afsaneh has extensive experience in commercial contract law, company law and intellectual property. She is an authorized agent of the Office for Harmonization in the Internal Market, OHIM, in Alicante.<\/p>\n<p><strong>Fiduciary position<\/strong>:<br \/>\nBoardmember of Stiftelsen Friends,<br \/>\nBoardmember of Briggs &amp; Stratton Sweden AB,<br \/>\nBoard member of MyMedicalData Systems MMD AB,<br \/>\nMember of VQ Legal&#8217;s Expert Panel<\/p>\n<p><strong>Membership:<\/strong><br \/>\nThe Swedish Bar Association,<br \/>\nSwedish Anti-Counterfeiting (SACG),<br \/>\nSwedish Association for the Protection of Industrial Property (SFIR),<br \/>\nInternational Trademark Association (INTA)<\/p>\n<p><strong>Additional information:<\/strong><br \/>\nBoard Education: Micha\u00ebl Berglunds <em>\u201dProfessional Board engagement\u201d<\/em><\/p>\n<p>She is a former Member of the General Council of the Swedish Bar Association, Member of the Membership &amp; Disciplinary Committee. She has also been a Sweden\u2019s ambassadors for women\u2019s entrepreneurship. She is passionate about children\u2019s rights in society being respected and has for many years, volunteered to ensure that their rights are observed.<\/p>\n<p><em>When Afsaneh is not working she enjoys spending time with her family, enjoying forest and nature through fishing, hunting, skiing and boat tours. A special passion is cooking.<\/em><\/p>\n<p>Email: <a href=\"mailto:afsaneh.bauer@ghatanbauer.se\">afsaneh.bauer@ghatanbauer.se<\/a><br \/>\nPhone: <a href=\"tel:+46708101690\">+46 (0) 70 810 16 90<\/a>\n<\/div>\n","protected":false},"excerpt":{"rendered":"<p>Afsaneh Ghatan Bauer is the firm\u2019s founder and CEO. Afsaneh is a member of the Swedish Bar Association since 2001. Afsaneh has extensive experience in commercial contract law, company law and intellectual property. She is an authorized agent of the Office for Harmonization in the Internal Market, OHIM, in Alicante. Fiduciary position: Boardmember of Stiftelsen [&hellip;]<\/p>\n","protected":false},"author":1,"featured_media":0,"parent":913,"menu_order":210,"comment_status":"open","ping_status":"closed","template":"","meta":{"_acf_changed":false,"_genesis_hide_title":false,"_genesis_hide_breadcrumbs":false,"_genesis_hide_singular_image":false,"_genesis_hide_footer_widgets":false,"_genesis_custom_body_class":"","_genesis_custom_post_class":"","_genesis_layout":"","footnotes":""},"class_list":{"0":"post-919","1":"page","2":"type-page","3":"status-publish","5":"entry","6":"has-post-thumbnail"},"acf":[],"yoast_head":"<!-- This site is optimized with the Yoast SEO plugin v24.7 - https:\/\/yoast.com\/wordpress\/plugins\/seo\/ -->\n<title>Afsaneh Ghatan Bauer | Ghatan Bauer Advokatbyr\u00e5 AB<\/title>\n<meta name=\"description\" content=\"Afsaneh Ghatan Bauer is the firm\u2019s founder and CEO. Afsaneh is a member of the Swedish Bar Association since 2001. Afsaneh has extensive experience in\" \/>\n<meta name=\"robots\" content=\"index, follow, max-snippet:-1, max-image-preview:large, max-video-preview:-1\" \/>\n<link rel=\"canonical\" href=\"https:\/\/www.ghatanbauer.se\/en\/coworkers\/afsaneh-ghatan-bauer\/\" \/>\n<meta property=\"og:locale\" content=\"en_US\" \/>\n<meta property=\"og:type\" content=\"article\" \/>\n<meta property=\"og:title\" content=\"Afsaneh Ghatan Bauer | Ghatan Bauer Advokatbyr\u00e5 AB\" \/>\n<meta property=\"og:description\" content=\"Afsaneh Ghatan Bauer is the firm\u2019s founder and CEO. Afsaneh is a member of the Swedish Bar Association since 2001. Afsaneh has extensive experience in\" \/>\n<meta property=\"og:url\" content=\"https:\/\/www.ghatanbauer.se\/en\/coworkers\/afsaneh-ghatan-bauer\/\" \/>\n<meta property=\"og:site_name\" content=\"Ghatan Bauer Advokatbyr\u00e5 AB\" \/>\n<meta property=\"article:modified_time\" content=\"2025-04-30T11:32:08+00:00\" \/>\n<meta name=\"twitter:card\" content=\"summary_large_image\" \/>\n<meta name=\"twitter:label1\" content=\"Est. reading time\" \/>\n\t<meta name=\"twitter:data1\" content=\"2 minutes\" \/>\n<script type=\"application\/ld+json\" class=\"yoast-schema-graph\">{\"@context\":\"https:\/\/schema.org\",\"@graph\":[{\"@type\":\"WebPage\",\"@id\":\"https:\/\/www.ghatanbauer.se\/en\/coworkers\/afsaneh-ghatan-bauer\/\",\"url\":\"https:\/\/www.ghatanbauer.se\/en\/coworkers\/afsaneh-ghatan-bauer\/\",\"name\":\"Afsaneh Ghatan Bauer | Ghatan Bauer Advokatbyr\u00e5 AB\",\"isPartOf\":{\"@id\":\"https:\/\/www.ghatanbauer.se\/#website\"},\"datePublished\":\"2014-09-22T08:15:05+00:00\",\"dateModified\":\"2025-04-30T11:32:08+00:00\",\"description\":\"Afsaneh Ghatan Bauer is the firm\u2019s founder and CEO. Afsaneh is a member of the Swedish Bar Association since 2001. Afsaneh has extensive experience in\",\"breadcrumb\":{\"@id\":\"https:\/\/www.ghatanbauer.se\/en\/coworkers\/afsaneh-ghatan-bauer\/#breadcrumb\"},\"inLanguage\":\"en-US\",\"potentialAction\":[{\"@type\":\"ReadAction\",\"target\":[\"https:\/\/www.ghatanbauer.se\/en\/coworkers\/afsaneh-ghatan-bauer\/\"]}]},{\"@type\":\"BreadcrumbList\",\"@id\":\"https:\/\/www.ghatanbauer.se\/en\/coworkers\/afsaneh-ghatan-bauer\/#breadcrumb\",\"itemListElement\":[{\"@type\":\"ListItem\",\"position\":1,\"name\":\"Hem\",\"item\":\"https:\/\/www.ghatanbauer.se\/\"},{\"@type\":\"ListItem\",\"position\":2,\"name\":\"Coworkers\",\"item\":\"https:\/\/www.ghatanbauer.se\/en\/coworkers\/\"},{\"@type\":\"ListItem\",\"position\":3,\"name\":\"Afsaneh Ghatan Bauer\"}]},{\"@type\":\"WebSite\",\"@id\":\"https:\/\/www.ghatanbauer.se\/#website\",\"url\":\"https:\/\/www.ghatanbauer.se\/\",\"name\":\"Ghatan Bauer Advokatbyr\u00e5 AB\",\"description\":\"Professionell och kostnadseffektiv aff\u00e4rsjuridisk r\u00e5dgivning.\",\"potentialAction\":[{\"@type\":\"SearchAction\",\"target\":{\"@type\":\"EntryPoint\",\"urlTemplate\":\"https:\/\/www.ghatanbauer.se\/?s={search_term_string}\"},\"query-input\":{\"@type\":\"PropertyValueSpecification\",\"valueRequired\":true,\"valueName\":\"search_term_string\"}}],\"inLanguage\":\"en-US\"}]}<\/script>\n<!-- \/ Yoast SEO plugin. -->","yoast_head_json":{"title":"Afsaneh Ghatan Bauer | Ghatan Bauer Advokatbyr\u00e5 AB","description":"Afsaneh Ghatan Bauer is the firm\u2019s founder and CEO. Afsaneh is a member of the Swedish Bar Association since 2001. Afsaneh has extensive experience in","robots":{"index":"index","follow":"follow","max-snippet":"max-snippet:-1","max-image-preview":"max-image-preview:large","max-video-preview":"max-video-preview:-1"},"canonical":"https:\/\/www.ghatanbauer.se\/en\/coworkers\/afsaneh-ghatan-bauer\/","og_locale":"en_US","og_type":"article","og_title":"Afsaneh Ghatan Bauer | Ghatan Bauer Advokatbyr\u00e5 AB","og_description":"Afsaneh Ghatan Bauer is the firm\u2019s founder and CEO. Afsaneh is a member of the Swedish Bar Association since 2001. Afsaneh has extensive experience in","og_url":"https:\/\/www.ghatanbauer.se\/en\/coworkers\/afsaneh-ghatan-bauer\/","og_site_name":"Ghatan Bauer Advokatbyr\u00e5 AB","article_modified_time":"2025-04-30T11:32:08+00:00","twitter_card":"summary_large_image","twitter_misc":{"Est. reading time":"2 minutes"},"schema":{"@context":"https:\/\/schema.org","@graph":[{"@type":"WebPage","@id":"https:\/\/www.ghatanbauer.se\/en\/coworkers\/afsaneh-ghatan-bauer\/","url":"https:\/\/www.ghatanbauer.se\/en\/coworkers\/afsaneh-ghatan-bauer\/","name":"Afsaneh Ghatan Bauer | Ghatan Bauer Advokatbyr\u00e5 AB","isPartOf":{"@id":"https:\/\/www.ghatanbauer.se\/#website"},"datePublished":"2014-09-22T08:15:05+00:00","dateModified":"2025-04-30T11:32:08+00:00","description":"Afsaneh Ghatan Bauer is the firm\u2019s founder and CEO. Afsaneh is a member of the Swedish Bar Association since 2001. Afsaneh has extensive experience in","breadcrumb":{"@id":"https:\/\/www.ghatanbauer.se\/en\/coworkers\/afsaneh-ghatan-bauer\/#breadcrumb"},"inLanguage":"en-US","potentialAction":[{"@type":"ReadAction","target":["https:\/\/www.ghatanbauer.se\/en\/coworkers\/afsaneh-ghatan-bauer\/"]}]},{"@type":"BreadcrumbList","@id":"https:\/\/www.ghatanbauer.se\/en\/coworkers\/afsaneh-ghatan-bauer\/#breadcrumb","itemListElement":[{"@type":"ListItem","position":1,"name":"Hem","item":"https:\/\/www.ghatanbauer.se\/"},{"@type":"ListItem","position":2,"name":"Coworkers","item":"https:\/\/www.ghatanbauer.se\/en\/coworkers\/"},{"@type":"ListItem","position":3,"name":"Afsaneh Ghatan Bauer"}]},{"@type":"WebSite","@id":"https:\/\/www.ghatanbauer.se\/#website","url":"https:\/\/www.ghatanbauer.se\/","name":"Ghatan Bauer Advokatbyr\u00e5 AB","description":"Professionell och kostnadseffektiv aff\u00e4rsjuridisk r\u00e5dgivning.","potentialAction":[{"@type":"SearchAction","target":{"@type":"EntryPoint","urlTemplate":"https:\/\/www.ghatanbauer.se\/?s={search_term_string}"},"query-input":{"@type":"PropertyValueSpecification","valueRequired":true,"valueName":"search_term_string"}}],"inLanguage":"en-US"}]}},"_links":{"self":[{"href":"https:\/\/www.ghatanbauer.se\/en\/wp-json\/wp\/v2\/pages\/919","targetHints":{"allow":["GET"]}}],"collection":[{"href":"https:\/\/www.ghatanbauer.se\/en\/wp-json\/wp\/v2\/pages"}],"about":[{"href":"https:\/\/www.ghatanbauer.se\/en\/wp-json\/wp\/v2\/types\/page"}],"author":[{"embeddable":true,"href":"https:\/\/www.ghatanbauer.se\/en\/wp-json\/wp\/v2\/users\/1"}],"replies":[{"embeddable":true,"href":"https:\/\/www.ghatanbauer.se\/en\/wp-json\/wp\/v2\/comments?post=919"}],"version-history":[{"count":13,"href":"https:\/\/www.ghatanbauer.se\/en\/wp-json\/wp\/v2\/pages\/919\/revisions"}],"predecessor-version":[{"id":1373,"href":"https:\/\/www.ghatanbauer.se\/en\/wp-json\/wp\/v2\/pages\/919\/revisions\/1373"}],"up":[{"embeddable":true,"href":"https:\/\/www.ghatanbauer.se\/en\/wp-json\/wp\/v2\/pages\/913"}],"wp:attachment":[{"href":"https:\/\/www.ghatanbauer.se\/en\/wp-json\/wp\/v2\/media?parent=919"}],"curies":[{"name":"wp","href":"https:\/\/api.w.org\/{rel}","templated":true}]}}