{"id":906,"date":"2014-09-22T10:04:33","date_gmt":"2014-09-22T08:04:33","guid":{"rendered":"http:\/\/ghatanbauer.se.php54-1.dfw1-1.websitetestlink.com\/?page_id=906"},"modified":"2014-12-03T10:56:00","modified_gmt":"2014-12-03T09:56:00","slug":"csr","status":"publish","type":"page","link":"https:\/\/www.ghatanbauer.se\/en\/process-areas\/csr\/","title":{"rendered":"CSR"},"content":{"rendered":"<p><img loading=\"lazy\" decoding=\"async\" class=\"alignnone size-full wp-image-860\" src=\"\/wp-content\/uploads\/csr.jpg\" alt=\"csr\" width=\"710\" height=\"236\" srcset=\"https:\/\/www.ghatanbauer.se\/wp-content\/uploads\/csr.jpg 710w, https:\/\/www.ghatanbauer.se\/wp-content\/uploads\/csr-300x99.jpg 300w\" sizes=\"auto, (max-width: 710px) 100vw, 710px\" \/><br \/>\nCorporate Social Responsibility is about creating sustainable business strategies for our clients. We are up to date on the latest recommendations in the field and help our clients make the right strategic decisions from a CSR perspective.<\/p>\n<p>We review contracts with foreign distributors and suppliers, ensuring that our clients\u2019 work with CSR is secured through the right contractual language and by our clients making appropriate demands concerning safety, avoidance of child labor, wages, conditions, etc. We also offer advice on how CSR work may be developed and communicated to enhance our clients&#8217; brands.<\/p>\n","protected":false},"excerpt":{"rendered":"<p>Corporate Social Responsibility is about creating sustainable business strategies for our clients. We are up to date on the latest recommendations in the field and help our clients make the right strategic decisions from a CSR perspective. We review contracts with foreign distributors and suppliers, ensuring that our clients\u2019 work with CSR is secured through [&hellip;]<\/p>\n","protected":false},"author":1,"featured_media":0,"parent":899,"menu_order":140,"comment_status":"open","ping_status":"closed","template":"","meta":{"_acf_changed":false,"_genesis_hide_title":false,"_genesis_hide_breadcrumbs":false,"_genesis_hide_singular_image":false,"_genesis_hide_footer_widgets":false,"_genesis_custom_body_class":"","_genesis_custom_post_class":"","_genesis_layout":"","footnotes":""},"class_list":{"0":"post-906","1":"page","2":"type-page","3":"status-publish","5":"entry"},"acf":[],"yoast_head":"<!-- This site is optimized with the Yoast SEO plugin v24.7 - https:\/\/yoast.com\/wordpress\/plugins\/seo\/ -->\n<title>CSR | Ghatan Bauer Advokatbyr\u00e5 AB<\/title>\n<meta name=\"description\" content=\"Corporate Social Responsibility is about creating sustainable business strategies for our clients. We are up to date on the latest recommendations in the\" \/>\n<meta name=\"robots\" content=\"index, follow, max-snippet:-1, max-image-preview:large, max-video-preview:-1\" \/>\n<link rel=\"canonical\" href=\"https:\/\/www.ghatanbauer.se\/en\/process-areas\/csr\/\" \/>\n<meta property=\"og:locale\" content=\"en_US\" \/>\n<meta property=\"og:type\" content=\"article\" \/>\n<meta property=\"og:title\" content=\"CSR | Ghatan Bauer Advokatbyr\u00e5 AB\" \/>\n<meta property=\"og:description\" content=\"Corporate Social Responsibility is about creating sustainable business strategies for our clients. We are up to date on the latest recommendations in the\" \/>\n<meta property=\"og:url\" content=\"https:\/\/www.ghatanbauer.se\/en\/process-areas\/csr\/\" \/>\n<meta property=\"og:site_name\" content=\"Ghatan Bauer Advokatbyr\u00e5 AB\" \/>\n<meta property=\"article:modified_time\" content=\"2014-12-03T09:56:00+00:00\" \/>\n<meta name=\"twitter:card\" content=\"summary_large_image\" \/>\n<script type=\"application\/ld+json\" class=\"yoast-schema-graph\">{\"@context\":\"https:\/\/schema.org\",\"@graph\":[{\"@type\":\"WebPage\",\"@id\":\"https:\/\/www.ghatanbauer.se\/en\/process-areas\/csr\/\",\"url\":\"https:\/\/www.ghatanbauer.se\/en\/process-areas\/csr\/\",\"name\":\"CSR | Ghatan Bauer Advokatbyr\u00e5 AB\",\"isPartOf\":{\"@id\":\"https:\/\/www.ghatanbauer.se\/#website\"},\"datePublished\":\"2014-09-22T08:04:33+00:00\",\"dateModified\":\"2014-12-03T09:56:00+00:00\",\"description\":\"Corporate Social Responsibility is about creating sustainable business strategies for our clients. We are up to date on the latest recommendations in the\",\"breadcrumb\":{\"@id\":\"https:\/\/www.ghatanbauer.se\/en\/process-areas\/csr\/#breadcrumb\"},\"inLanguage\":\"en-US\",\"potentialAction\":[{\"@type\":\"ReadAction\",\"target\":[\"https:\/\/www.ghatanbauer.se\/en\/process-areas\/csr\/\"]}]},{\"@type\":\"BreadcrumbList\",\"@id\":\"https:\/\/www.ghatanbauer.se\/en\/process-areas\/csr\/#breadcrumb\",\"itemListElement\":[{\"@type\":\"ListItem\",\"position\":1,\"name\":\"Hem\",\"item\":\"https:\/\/www.ghatanbauer.se\/\"},{\"@type\":\"ListItem\",\"position\":2,\"name\":\"Process areas\",\"item\":\"https:\/\/www.ghatanbauer.se\/en\/process-areas\/\"},{\"@type\":\"ListItem\",\"position\":3,\"name\":\"CSR\"}]},{\"@type\":\"WebSite\",\"@id\":\"https:\/\/www.ghatanbauer.se\/#website\",\"url\":\"https:\/\/www.ghatanbauer.se\/\",\"name\":\"Ghatan Bauer Advokatbyr\u00e5 AB\",\"description\":\"Professionell och kostnadseffektiv aff\u00e4rsjuridisk r\u00e5dgivning.\",\"potentialAction\":[{\"@type\":\"SearchAction\",\"target\":{\"@type\":\"EntryPoint\",\"urlTemplate\":\"https:\/\/www.ghatanbauer.se\/?s={search_term_string}\"},\"query-input\":{\"@type\":\"PropertyValueSpecification\",\"valueRequired\":true,\"valueName\":\"search_term_string\"}}],\"inLanguage\":\"en-US\"}]}<\/script>\n<!-- \/ Yoast SEO plugin. -->","yoast_head_json":{"title":"CSR | Ghatan Bauer Advokatbyr\u00e5 AB","description":"Corporate Social Responsibility is about creating sustainable business strategies for our clients. We are up to date on the latest recommendations in the","robots":{"index":"index","follow":"follow","max-snippet":"max-snippet:-1","max-image-preview":"max-image-preview:large","max-video-preview":"max-video-preview:-1"},"canonical":"https:\/\/www.ghatanbauer.se\/en\/process-areas\/csr\/","og_locale":"en_US","og_type":"article","og_title":"CSR | Ghatan Bauer Advokatbyr\u00e5 AB","og_description":"Corporate Social Responsibility is about creating sustainable business strategies for our clients. We are up to date on the latest recommendations in the","og_url":"https:\/\/www.ghatanbauer.se\/en\/process-areas\/csr\/","og_site_name":"Ghatan Bauer Advokatbyr\u00e5 AB","article_modified_time":"2014-12-03T09:56:00+00:00","twitter_card":"summary_large_image","schema":{"@context":"https:\/\/schema.org","@graph":[{"@type":"WebPage","@id":"https:\/\/www.ghatanbauer.se\/en\/process-areas\/csr\/","url":"https:\/\/www.ghatanbauer.se\/en\/process-areas\/csr\/","name":"CSR | Ghatan Bauer Advokatbyr\u00e5 AB","isPartOf":{"@id":"https:\/\/www.ghatanbauer.se\/#website"},"datePublished":"2014-09-22T08:04:33+00:00","dateModified":"2014-12-03T09:56:00+00:00","description":"Corporate Social Responsibility is about creating sustainable business strategies for our clients. We are up to date on the latest recommendations in the","breadcrumb":{"@id":"https:\/\/www.ghatanbauer.se\/en\/process-areas\/csr\/#breadcrumb"},"inLanguage":"en-US","potentialAction":[{"@type":"ReadAction","target":["https:\/\/www.ghatanbauer.se\/en\/process-areas\/csr\/"]}]},{"@type":"BreadcrumbList","@id":"https:\/\/www.ghatanbauer.se\/en\/process-areas\/csr\/#breadcrumb","itemListElement":[{"@type":"ListItem","position":1,"name":"Hem","item":"https:\/\/www.ghatanbauer.se\/"},{"@type":"ListItem","position":2,"name":"Process areas","item":"https:\/\/www.ghatanbauer.se\/en\/process-areas\/"},{"@type":"ListItem","position":3,"name":"CSR"}]},{"@type":"WebSite","@id":"https:\/\/www.ghatanbauer.se\/#website","url":"https:\/\/www.ghatanbauer.se\/","name":"Ghatan Bauer Advokatbyr\u00e5 AB","description":"Professionell och kostnadseffektiv aff\u00e4rsjuridisk r\u00e5dgivning.","potentialAction":[{"@type":"SearchAction","target":{"@type":"EntryPoint","urlTemplate":"https:\/\/www.ghatanbauer.se\/?s={search_term_string}"},"query-input":{"@type":"PropertyValueSpecification","valueRequired":true,"valueName":"search_term_string"}}],"inLanguage":"en-US"}]}},"_links":{"self":[{"href":"https:\/\/www.ghatanbauer.se\/en\/wp-json\/wp\/v2\/pages\/906","targetHints":{"allow":["GET"]}}],"collection":[{"href":"https:\/\/www.ghatanbauer.se\/en\/wp-json\/wp\/v2\/pages"}],"about":[{"href":"https:\/\/www.ghatanbauer.se\/en\/wp-json\/wp\/v2\/types\/page"}],"author":[{"embeddable":true,"href":"https:\/\/www.ghatanbauer.se\/en\/wp-json\/wp\/v2\/users\/1"}],"replies":[{"embeddable":true,"href":"https:\/\/www.ghatanbauer.se\/en\/wp-json\/wp\/v2\/comments?post=906"}],"version-history":[{"count":5,"href":"https:\/\/www.ghatanbauer.se\/en\/wp-json\/wp\/v2\/pages\/906\/revisions"}],"predecessor-version":[{"id":1239,"href":"https:\/\/www.ghatanbauer.se\/en\/wp-json\/wp\/v2\/pages\/906\/revisions\/1239"}],"up":[{"embeddable":true,"href":"https:\/\/www.ghatanbauer.se\/en\/wp-json\/wp\/v2\/pages\/899"}],"wp:attachment":[{"href":"https:\/\/www.ghatanbauer.se\/en\/wp-json\/wp\/v2\/media?parent=906"}],"curies":[{"name":"wp","href":"https:\/\/api.w.org\/{rel}","templated":true}]}}