{"id":905,"date":"2014-09-22T10:03:49","date_gmt":"2014-09-22T08:03:49","guid":{"rendered":"http:\/\/ghatanbauer.se.php54-1.dfw1-1.websitetestlink.com\/?page_id=905"},"modified":"2014-11-12T10:31:10","modified_gmt":"2014-11-12T09:31:10","slug":"intellectual-property","status":"publish","type":"page","link":"https:\/\/www.ghatanbauer.se\/en\/process-areas\/intellectual-property\/","title":{"rendered":"Intellectual property"},"content":{"rendered":"<p><img loading=\"lazy\" decoding=\"async\" class=\"alignnone size-full wp-image-854\" src=\"\/wp-content\/uploads\/silverskal.jpg\" alt=\"immaterialratt\" width=\"710\" height=\"236\" \/><br \/>\nIntellectual property includes areas such as trade name law, registered designs, domain protection, trademark protection, industrial design protection, copyrights and patents.<br \/>\nWe investigate the legal possibilities to achieve trademark registrations, prepare design protection, registered design protection and copyright protection in the most economically advantageous manner possible for our clients.<\/p>\n<p>We monitor our clients&#8217; brands and act in case infringement or piracy occurs, both in Sweden and in other countries. We represent our clients in any litigation and disputes surrounding their brand names and registrations.<\/p>\n<p>Patent applications require engineering expertise, and on these matters, we therefore cooperate with skilled colleagues.<\/p>\n","protected":false},"excerpt":{"rendered":"<p>Intellectual property includes areas such as trade name law, registered designs, domain protection, trademark protection, industrial design protection, copyrights and patents. We investigate the legal possibilities to achieve trademark registrations, prepare design protection, registered design protection and copyright protection in the most economically advantageous manner possible for our clients. We monitor our clients&#8217; brands and [&hellip;]<\/p>\n","protected":false},"author":1,"featured_media":0,"parent":899,"menu_order":130,"comment_status":"open","ping_status":"closed","template":"","meta":{"_acf_changed":false,"_genesis_hide_title":false,"_genesis_hide_breadcrumbs":false,"_genesis_hide_singular_image":false,"_genesis_hide_footer_widgets":false,"_genesis_custom_body_class":"","_genesis_custom_post_class":"","_genesis_layout":"","footnotes":""},"class_list":{"0":"post-905","1":"page","2":"type-page","3":"status-publish","5":"entry"},"acf":[],"yoast_head":"<!-- This site is optimized with the Yoast SEO plugin v24.7 - https:\/\/yoast.com\/wordpress\/plugins\/seo\/ -->\n<title>Intellectual property | Ghatan Bauer Advokatbyr\u00e5 AB<\/title>\n<meta name=\"description\" content=\"Intellectual property includes areas such as trade name law, registered designs, domain protection, trademark protection, industrial design protection,\" \/>\n<meta name=\"robots\" content=\"index, follow, max-snippet:-1, max-image-preview:large, max-video-preview:-1\" \/>\n<link rel=\"canonical\" href=\"https:\/\/www.ghatanbauer.se\/en\/process-areas\/intellectual-property\/\" \/>\n<meta property=\"og:locale\" content=\"en_US\" \/>\n<meta property=\"og:type\" content=\"article\" \/>\n<meta property=\"og:title\" content=\"Intellectual property | Ghatan Bauer Advokatbyr\u00e5 AB\" \/>\n<meta property=\"og:description\" content=\"Intellectual property includes areas such as trade name law, registered designs, domain protection, trademark protection, industrial design protection,\" \/>\n<meta property=\"og:url\" content=\"https:\/\/www.ghatanbauer.se\/en\/process-areas\/intellectual-property\/\" \/>\n<meta property=\"og:site_name\" content=\"Ghatan Bauer Advokatbyr\u00e5 AB\" \/>\n<meta property=\"article:modified_time\" content=\"2014-11-12T09:31:10+00:00\" \/>\n<meta name=\"twitter:card\" content=\"summary_large_image\" \/>\n<script type=\"application\/ld+json\" class=\"yoast-schema-graph\">{\"@context\":\"https:\/\/schema.org\",\"@graph\":[{\"@type\":\"WebPage\",\"@id\":\"https:\/\/www.ghatanbauer.se\/en\/process-areas\/intellectual-property\/\",\"url\":\"https:\/\/www.ghatanbauer.se\/en\/process-areas\/intellectual-property\/\",\"name\":\"Intellectual property | Ghatan Bauer Advokatbyr\u00e5 AB\",\"isPartOf\":{\"@id\":\"https:\/\/www.ghatanbauer.se\/#website\"},\"datePublished\":\"2014-09-22T08:03:49+00:00\",\"dateModified\":\"2014-11-12T09:31:10+00:00\",\"description\":\"Intellectual property includes areas such as trade name law, registered designs, domain protection, trademark protection, industrial design protection,\",\"breadcrumb\":{\"@id\":\"https:\/\/www.ghatanbauer.se\/en\/process-areas\/intellectual-property\/#breadcrumb\"},\"inLanguage\":\"en-US\",\"potentialAction\":[{\"@type\":\"ReadAction\",\"target\":[\"https:\/\/www.ghatanbauer.se\/en\/process-areas\/intellectual-property\/\"]}]},{\"@type\":\"BreadcrumbList\",\"@id\":\"https:\/\/www.ghatanbauer.se\/en\/process-areas\/intellectual-property\/#breadcrumb\",\"itemListElement\":[{\"@type\":\"ListItem\",\"position\":1,\"name\":\"Hem\",\"item\":\"https:\/\/www.ghatanbauer.se\/\"},{\"@type\":\"ListItem\",\"position\":2,\"name\":\"Process areas\",\"item\":\"https:\/\/www.ghatanbauer.se\/en\/process-areas\/\"},{\"@type\":\"ListItem\",\"position\":3,\"name\":\"Intellectual property\"}]},{\"@type\":\"WebSite\",\"@id\":\"https:\/\/www.ghatanbauer.se\/#website\",\"url\":\"https:\/\/www.ghatanbauer.se\/\",\"name\":\"Ghatan Bauer Advokatbyr\u00e5 AB\",\"description\":\"Professionell och kostnadseffektiv aff\u00e4rsjuridisk r\u00e5dgivning.\",\"potentialAction\":[{\"@type\":\"SearchAction\",\"target\":{\"@type\":\"EntryPoint\",\"urlTemplate\":\"https:\/\/www.ghatanbauer.se\/?s={search_term_string}\"},\"query-input\":{\"@type\":\"PropertyValueSpecification\",\"valueRequired\":true,\"valueName\":\"search_term_string\"}}],\"inLanguage\":\"en-US\"}]}<\/script>\n<!-- \/ Yoast SEO plugin. -->","yoast_head_json":{"title":"Intellectual property | Ghatan Bauer Advokatbyr\u00e5 AB","description":"Intellectual property includes areas such as trade name law, registered designs, domain protection, trademark protection, industrial design protection,","robots":{"index":"index","follow":"follow","max-snippet":"max-snippet:-1","max-image-preview":"max-image-preview:large","max-video-preview":"max-video-preview:-1"},"canonical":"https:\/\/www.ghatanbauer.se\/en\/process-areas\/intellectual-property\/","og_locale":"en_US","og_type":"article","og_title":"Intellectual property | Ghatan Bauer Advokatbyr\u00e5 AB","og_description":"Intellectual property includes areas such as trade name law, registered designs, domain protection, trademark protection, industrial design protection,","og_url":"https:\/\/www.ghatanbauer.se\/en\/process-areas\/intellectual-property\/","og_site_name":"Ghatan Bauer Advokatbyr\u00e5 AB","article_modified_time":"2014-11-12T09:31:10+00:00","twitter_card":"summary_large_image","schema":{"@context":"https:\/\/schema.org","@graph":[{"@type":"WebPage","@id":"https:\/\/www.ghatanbauer.se\/en\/process-areas\/intellectual-property\/","url":"https:\/\/www.ghatanbauer.se\/en\/process-areas\/intellectual-property\/","name":"Intellectual property | Ghatan Bauer Advokatbyr\u00e5 AB","isPartOf":{"@id":"https:\/\/www.ghatanbauer.se\/#website"},"datePublished":"2014-09-22T08:03:49+00:00","dateModified":"2014-11-12T09:31:10+00:00","description":"Intellectual property includes areas such as trade name law, registered designs, domain protection, trademark protection, industrial design protection,","breadcrumb":{"@id":"https:\/\/www.ghatanbauer.se\/en\/process-areas\/intellectual-property\/#breadcrumb"},"inLanguage":"en-US","potentialAction":[{"@type":"ReadAction","target":["https:\/\/www.ghatanbauer.se\/en\/process-areas\/intellectual-property\/"]}]},{"@type":"BreadcrumbList","@id":"https:\/\/www.ghatanbauer.se\/en\/process-areas\/intellectual-property\/#breadcrumb","itemListElement":[{"@type":"ListItem","position":1,"name":"Hem","item":"https:\/\/www.ghatanbauer.se\/"},{"@type":"ListItem","position":2,"name":"Process areas","item":"https:\/\/www.ghatanbauer.se\/en\/process-areas\/"},{"@type":"ListItem","position":3,"name":"Intellectual property"}]},{"@type":"WebSite","@id":"https:\/\/www.ghatanbauer.se\/#website","url":"https:\/\/www.ghatanbauer.se\/","name":"Ghatan Bauer Advokatbyr\u00e5 AB","description":"Professionell och kostnadseffektiv aff\u00e4rsjuridisk r\u00e5dgivning.","potentialAction":[{"@type":"SearchAction","target":{"@type":"EntryPoint","urlTemplate":"https:\/\/www.ghatanbauer.se\/?s={search_term_string}"},"query-input":{"@type":"PropertyValueSpecification","valueRequired":true,"valueName":"search_term_string"}}],"inLanguage":"en-US"}]}},"_links":{"self":[{"href":"https:\/\/www.ghatanbauer.se\/en\/wp-json\/wp\/v2\/pages\/905","targetHints":{"allow":["GET"]}}],"collection":[{"href":"https:\/\/www.ghatanbauer.se\/en\/wp-json\/wp\/v2\/pages"}],"about":[{"href":"https:\/\/www.ghatanbauer.se\/en\/wp-json\/wp\/v2\/types\/page"}],"author":[{"embeddable":true,"href":"https:\/\/www.ghatanbauer.se\/en\/wp-json\/wp\/v2\/users\/1"}],"replies":[{"embeddable":true,"href":"https:\/\/www.ghatanbauer.se\/en\/wp-json\/wp\/v2\/comments?post=905"}],"version-history":[{"count":4,"href":"https:\/\/www.ghatanbauer.se\/en\/wp-json\/wp\/v2\/pages\/905\/revisions"}],"predecessor-version":[{"id":1196,"href":"https:\/\/www.ghatanbauer.se\/en\/wp-json\/wp\/v2\/pages\/905\/revisions\/1196"}],"up":[{"embeddable":true,"href":"https:\/\/www.ghatanbauer.se\/en\/wp-json\/wp\/v2\/pages\/899"}],"wp:attachment":[{"href":"https:\/\/www.ghatanbauer.se\/en\/wp-json\/wp\/v2\/media?parent=905"}],"curies":[{"name":"wp","href":"https:\/\/api.w.org\/{rel}","templated":true}]}}