{"id":904,"date":"2014-09-22T10:02:58","date_gmt":"2014-09-22T08:02:58","guid":{"rendered":"http:\/\/ghatanbauer.se.php54-1.dfw1-1.websitetestlink.com\/?page_id=904"},"modified":"2014-11-12T13:33:18","modified_gmt":"2014-11-12T12:33:18","slug":"company-law","status":"publish","type":"page","link":"https:\/\/www.ghatanbauer.se\/en\/process-areas\/company-law\/","title":{"rendered":"Company law"},"content":{"rendered":"<p><img loading=\"lazy\" decoding=\"async\" class=\"alignnone size-full wp-image-852\" src=\"\/wp-content\/uploads\/bolagsratt.jpg\" alt=\"bolagsratt\" width=\"710\" height=\"236\" srcset=\"https:\/\/www.ghatanbauer.se\/wp-content\/uploads\/bolagsratt.jpg 710w, https:\/\/www.ghatanbauer.se\/wp-content\/uploads\/bolagsratt-300x99.jpg 300w\" sizes=\"auto, (max-width: 710px) 100vw, 710px\" \/><br \/>\nWe provide specialist advice in corporate-related matters such as formation of companies and partnerships and the ongoing events such as board meetings and general meetings. Have great experience to also help with the formalities relating to various types of capital raising issues etc.<\/p>\n<p>By ensuring a good basic protection for our clients, we build long term value for their companies.<\/p>\n","protected":false},"excerpt":{"rendered":"<p>We provide specialist advice in corporate-related matters such as formation of companies and partnerships and the ongoing events such as board meetings and general meetings. Have great experience to also help with the formalities relating to various types of capital raising issues etc. By ensuring a good basic protection for our clients, we build long [&hellip;]<\/p>\n","protected":false},"author":1,"featured_media":0,"parent":899,"menu_order":120,"comment_status":"open","ping_status":"closed","template":"","meta":{"_acf_changed":false,"_genesis_hide_title":false,"_genesis_hide_breadcrumbs":false,"_genesis_hide_singular_image":false,"_genesis_hide_footer_widgets":false,"_genesis_custom_body_class":"","_genesis_custom_post_class":"","_genesis_layout":"","footnotes":""},"class_list":{"0":"post-904","1":"page","2":"type-page","3":"status-publish","5":"entry"},"acf":[],"yoast_head":"<!-- This site is optimized with the Yoast SEO plugin v24.7 - https:\/\/yoast.com\/wordpress\/plugins\/seo\/ -->\n<title>Company law | Ghatan Bauer Advokatbyr\u00e5 AB<\/title>\n<meta name=\"description\" content=\"We provide specialist advice in corporate-related matters such as formation of companies and partnerships and the ongoing events such as board meetings\" \/>\n<meta name=\"robots\" content=\"index, follow, max-snippet:-1, max-image-preview:large, max-video-preview:-1\" \/>\n<link rel=\"canonical\" href=\"https:\/\/www.ghatanbauer.se\/en\/process-areas\/company-law\/\" \/>\n<meta property=\"og:locale\" content=\"en_US\" \/>\n<meta property=\"og:type\" content=\"article\" \/>\n<meta property=\"og:title\" content=\"Company law | Ghatan Bauer Advokatbyr\u00e5 AB\" \/>\n<meta property=\"og:description\" content=\"We provide specialist advice in corporate-related matters such as formation of companies and partnerships and the ongoing events such as board meetings\" \/>\n<meta property=\"og:url\" content=\"https:\/\/www.ghatanbauer.se\/en\/process-areas\/company-law\/\" \/>\n<meta property=\"og:site_name\" content=\"Ghatan Bauer Advokatbyr\u00e5 AB\" \/>\n<meta property=\"article:modified_time\" content=\"2014-11-12T12:33:18+00:00\" \/>\n<meta name=\"twitter:card\" content=\"summary_large_image\" \/>\n<script type=\"application\/ld+json\" class=\"yoast-schema-graph\">{\"@context\":\"https:\/\/schema.org\",\"@graph\":[{\"@type\":\"WebPage\",\"@id\":\"https:\/\/www.ghatanbauer.se\/en\/process-areas\/company-law\/\",\"url\":\"https:\/\/www.ghatanbauer.se\/en\/process-areas\/company-law\/\",\"name\":\"Company law | Ghatan Bauer Advokatbyr\u00e5 AB\",\"isPartOf\":{\"@id\":\"https:\/\/www.ghatanbauer.se\/#website\"},\"datePublished\":\"2014-09-22T08:02:58+00:00\",\"dateModified\":\"2014-11-12T12:33:18+00:00\",\"description\":\"We provide specialist advice in corporate-related matters such as formation of companies and partnerships and the ongoing events such as board meetings\",\"breadcrumb\":{\"@id\":\"https:\/\/www.ghatanbauer.se\/en\/process-areas\/company-law\/#breadcrumb\"},\"inLanguage\":\"en-US\",\"potentialAction\":[{\"@type\":\"ReadAction\",\"target\":[\"https:\/\/www.ghatanbauer.se\/en\/process-areas\/company-law\/\"]}]},{\"@type\":\"BreadcrumbList\",\"@id\":\"https:\/\/www.ghatanbauer.se\/en\/process-areas\/company-law\/#breadcrumb\",\"itemListElement\":[{\"@type\":\"ListItem\",\"position\":1,\"name\":\"Hem\",\"item\":\"https:\/\/www.ghatanbauer.se\/\"},{\"@type\":\"ListItem\",\"position\":2,\"name\":\"Process areas\",\"item\":\"https:\/\/www.ghatanbauer.se\/en\/process-areas\/\"},{\"@type\":\"ListItem\",\"position\":3,\"name\":\"Company law\"}]},{\"@type\":\"WebSite\",\"@id\":\"https:\/\/www.ghatanbauer.se\/#website\",\"url\":\"https:\/\/www.ghatanbauer.se\/\",\"name\":\"Ghatan Bauer Advokatbyr\u00e5 AB\",\"description\":\"Professionell och kostnadseffektiv aff\u00e4rsjuridisk r\u00e5dgivning.\",\"potentialAction\":[{\"@type\":\"SearchAction\",\"target\":{\"@type\":\"EntryPoint\",\"urlTemplate\":\"https:\/\/www.ghatanbauer.se\/?s={search_term_string}\"},\"query-input\":{\"@type\":\"PropertyValueSpecification\",\"valueRequired\":true,\"valueName\":\"search_term_string\"}}],\"inLanguage\":\"en-US\"}]}<\/script>\n<!-- \/ Yoast SEO plugin. -->","yoast_head_json":{"title":"Company law | Ghatan Bauer Advokatbyr\u00e5 AB","description":"We provide specialist advice in corporate-related matters such as formation of companies and partnerships and the ongoing events such as board meetings","robots":{"index":"index","follow":"follow","max-snippet":"max-snippet:-1","max-image-preview":"max-image-preview:large","max-video-preview":"max-video-preview:-1"},"canonical":"https:\/\/www.ghatanbauer.se\/en\/process-areas\/company-law\/","og_locale":"en_US","og_type":"article","og_title":"Company law | Ghatan Bauer Advokatbyr\u00e5 AB","og_description":"We provide specialist advice in corporate-related matters such as formation of companies and partnerships and the ongoing events such as board meetings","og_url":"https:\/\/www.ghatanbauer.se\/en\/process-areas\/company-law\/","og_site_name":"Ghatan Bauer Advokatbyr\u00e5 AB","article_modified_time":"2014-11-12T12:33:18+00:00","twitter_card":"summary_large_image","schema":{"@context":"https:\/\/schema.org","@graph":[{"@type":"WebPage","@id":"https:\/\/www.ghatanbauer.se\/en\/process-areas\/company-law\/","url":"https:\/\/www.ghatanbauer.se\/en\/process-areas\/company-law\/","name":"Company law | Ghatan Bauer Advokatbyr\u00e5 AB","isPartOf":{"@id":"https:\/\/www.ghatanbauer.se\/#website"},"datePublished":"2014-09-22T08:02:58+00:00","dateModified":"2014-11-12T12:33:18+00:00","description":"We provide specialist advice in corporate-related matters such as formation of companies and partnerships and the ongoing events such as board meetings","breadcrumb":{"@id":"https:\/\/www.ghatanbauer.se\/en\/process-areas\/company-law\/#breadcrumb"},"inLanguage":"en-US","potentialAction":[{"@type":"ReadAction","target":["https:\/\/www.ghatanbauer.se\/en\/process-areas\/company-law\/"]}]},{"@type":"BreadcrumbList","@id":"https:\/\/www.ghatanbauer.se\/en\/process-areas\/company-law\/#breadcrumb","itemListElement":[{"@type":"ListItem","position":1,"name":"Hem","item":"https:\/\/www.ghatanbauer.se\/"},{"@type":"ListItem","position":2,"name":"Process areas","item":"https:\/\/www.ghatanbauer.se\/en\/process-areas\/"},{"@type":"ListItem","position":3,"name":"Company law"}]},{"@type":"WebSite","@id":"https:\/\/www.ghatanbauer.se\/#website","url":"https:\/\/www.ghatanbauer.se\/","name":"Ghatan Bauer Advokatbyr\u00e5 AB","description":"Professionell och kostnadseffektiv aff\u00e4rsjuridisk r\u00e5dgivning.","potentialAction":[{"@type":"SearchAction","target":{"@type":"EntryPoint","urlTemplate":"https:\/\/www.ghatanbauer.se\/?s={search_term_string}"},"query-input":{"@type":"PropertyValueSpecification","valueRequired":true,"valueName":"search_term_string"}}],"inLanguage":"en-US"}]}},"_links":{"self":[{"href":"https:\/\/www.ghatanbauer.se\/en\/wp-json\/wp\/v2\/pages\/904","targetHints":{"allow":["GET"]}}],"collection":[{"href":"https:\/\/www.ghatanbauer.se\/en\/wp-json\/wp\/v2\/pages"}],"about":[{"href":"https:\/\/www.ghatanbauer.se\/en\/wp-json\/wp\/v2\/types\/page"}],"author":[{"embeddable":true,"href":"https:\/\/www.ghatanbauer.se\/en\/wp-json\/wp\/v2\/users\/1"}],"replies":[{"embeddable":true,"href":"https:\/\/www.ghatanbauer.se\/en\/wp-json\/wp\/v2\/comments?post=904"}],"version-history":[{"count":3,"href":"https:\/\/www.ghatanbauer.se\/en\/wp-json\/wp\/v2\/pages\/904\/revisions"}],"predecessor-version":[{"id":1206,"href":"https:\/\/www.ghatanbauer.se\/en\/wp-json\/wp\/v2\/pages\/904\/revisions\/1206"}],"up":[{"embeddable":true,"href":"https:\/\/www.ghatanbauer.se\/en\/wp-json\/wp\/v2\/pages\/899"}],"wp:attachment":[{"href":"https:\/\/www.ghatanbauer.se\/en\/wp-json\/wp\/v2\/media?parent=904"}],"curies":[{"name":"wp","href":"https:\/\/api.w.org\/{rel}","templated":true}]}}