{"id":899,"date":"2014-09-22T09:57:39","date_gmt":"2014-09-22T07:57:39","guid":{"rendered":"http:\/\/ghatanbauer.se.php54-1.dfw1-1.websitetestlink.com\/?page_id=899"},"modified":"2024-12-18T16:42:01","modified_gmt":"2024-12-18T15:42:01","slug":"process-areas","status":"publish","type":"page","link":"https:\/\/www.ghatanbauer.se\/en\/process-areas\/","title":{"rendered":"Process areas"},"content":{"rendered":"<p><img loading=\"lazy\" decoding=\"async\" class=\"alignnone size-full wp-image-847\" src=\"\/wp-content\/uploads\/Grona-blad1.jpg\" alt=\"Grona-blad\" width=\"710\" height=\"236\" srcset=\"https:\/\/www.ghatanbauer.se\/wp-content\/uploads\/Grona-blad1.jpg 710w, https:\/\/www.ghatanbauer.se\/wp-content\/uploads\/Grona-blad1-300x99.jpg 300w\" sizes=\"auto, (max-width: 710px) 100vw, 710px\" \/><br \/>\nThe right type of protection builds assets. We process and protect our clients&#8217; most important assets by ensuring that they have the best and most cost-effective intellectual property protection, nationally and globally . We draft and review all types of agreements, such as complex cooperation agreements, shareholder agreements and business transfer agreements, as well as employment contracts and agreements with subcontractors.<\/p>\n<p>Ghatan Bauer is a law firm with considerable experience and expertise in employment law, contractual matters, company law, intellectual property and CSR. We accept assignments whitin all areas such as finance, construction and electronics to clothing, fashion, cosmetics, entertainment and healthcare products.<\/p>\n<div class=\"green-images\"><img loading=\"lazy\" decoding=\"async\" class=\"alignnone wp-image-1044\" src=\"\/wp-content\/uploads\/arbetsratt.png\" alt=\"Avtalsr\u00e4tt ikon\" width=\"120\" height=\"120\" \/><\/div>\n<div class=\"green-images-title\">\n<h3>Employment Law<\/h3>\n<\/div>\n<div class=\"green-images-text\">\n<p>We advise both companies and employees in employment law matters.<\/p>\n<p><a class=\"las-mer\" href=\"https:\/\/www.ghatanbauer.se\/en\/process-areas\/employment-law\/\">Read more \u00bb<\/a><\/p>\n<div class=\"green-images\"><img loading=\"lazy\" decoding=\"async\" class=\"alignnone wp-image-1044\" src=\"\/wp-content\/uploads\/avtalsratt2-150x150.png\" alt=\"Avtalsr\u00e4tt ikon\" width=\"120\" height=\"120\" srcset=\"https:\/\/www.ghatanbauer.se\/wp-content\/uploads\/avtalsratt2-150x150.png 150w, https:\/\/www.ghatanbauer.se\/wp-content\/uploads\/avtalsratt2-45x45.png 45w, https:\/\/www.ghatanbauer.se\/wp-content\/uploads\/avtalsratt2.png 212w\" sizes=\"auto, (max-width: 120px) 100vw, 120px\" \/><\/div>\n<div class=\"green-images-title\">\n<h3>Contract law<\/h3>\n<\/div>\n<div class=\"green-images-text\">\n<p>Contract law is about safeguarding our clients&#8217; rights in all their relationships. We work strategically and long-term with contractual issues and analyze all unforeseeable events in order to ensure legal protection&#8230;<\/p>\n<p><a class=\"las-mer\" href=\"https:\/\/www.ghatanbauer.se\/en\/process-areas\/contract-law\/\">Read more \u00bb<\/a><\/p>\n<\/div>\n<div class=\"green-images\"><img loading=\"lazy\" decoding=\"async\" class=\"alignnone wp-image-1045\" src=\"\/wp-content\/uploads\/bolagsratt1-150x150.png\" alt=\"Bolagsr\u00e4tt ikon\" width=\"120\" height=\"120\" srcset=\"https:\/\/www.ghatanbauer.se\/wp-content\/uploads\/bolagsratt1-150x150.png 150w, https:\/\/www.ghatanbauer.se\/wp-content\/uploads\/bolagsratt1-45x45.png 45w, https:\/\/www.ghatanbauer.se\/wp-content\/uploads\/bolagsratt1.png 212w\" sizes=\"auto, (max-width: 120px) 100vw, 120px\" \/><\/div>\n<div class=\"green-images-title\">\n<h3>Company law<\/h3>\n<\/div>\n<div class=\"green-images-text\">\n<p>We provide specialist advice in corporate-related matters such as formation of companies and partnerships and the ongoing events such as board meetings and general meetings&#8230;<\/p>\n<p><a class=\"las-mer\" href=\"https:\/\/www.ghatanbauer.se\/en\/process-areas\/company-law\/\">Read more \u00bb<\/a><\/p>\n<\/div>\n<div class=\"green-images\"><img loading=\"lazy\" decoding=\"async\" class=\"alignnone wp-image-1046\" src=\"\/wp-content\/uploads\/immaterialratt1-150x150.png\" alt=\"Immaterialr\u00e4tt ikon\" width=\"120\" height=\"120\" srcset=\"https:\/\/www.ghatanbauer.se\/wp-content\/uploads\/immaterialratt1-150x150.png 150w, https:\/\/www.ghatanbauer.se\/wp-content\/uploads\/immaterialratt1-45x45.png 45w, https:\/\/www.ghatanbauer.se\/wp-content\/uploads\/immaterialratt1.png 212w\" sizes=\"auto, (max-width: 120px) 100vw, 120px\" \/><\/div>\n<div class=\"green-images-title\">\n<h3>Intellectual property<\/h3>\n<\/div>\n<div class=\"green-images-text\">\n<p>Intellectual property includes areas such as trade name law, registered designs, domain protection, trademark protection, industrial design protection, copyrights and patents&#8230;<\/p>\n<p><a class=\"las-mer\" href=\"https:\/\/www.ghatanbauer.se\/en\/process-areas\/intellectual-property\/\">Read more \u00bb<\/a><\/p>\n<\/div>\n<div class=\"green-images\"><img loading=\"lazy\" decoding=\"async\" class=\"alignnone wp-image-1051\" src=\"\/wp-content\/uploads\/heart-150x150.png\" alt=\"Hj\u00e4rtikon\" width=\"120\" height=\"120\" srcset=\"https:\/\/www.ghatanbauer.se\/wp-content\/uploads\/heart-150x150.png 150w, https:\/\/www.ghatanbauer.se\/wp-content\/uploads\/heart-45x45.png 45w, https:\/\/www.ghatanbauer.se\/wp-content\/uploads\/heart.png 212w\" sizes=\"auto, (max-width: 120px) 100vw, 120px\" \/><\/div>\n<div class=\"green-images-title\">\n<h3>Corporate Social Responsibility<\/h3>\n<\/div>\n<div class=\"green-images-text\">\n<p>Corporate Social Responsibility is about creating sustainable business strategies for our clients&#8230;<\/p>\n<p><a class=\"las-mer\" href=\"https:\/\/www.ghatanbauer.se\/en\/process-areas\/csr\/\">Read more \u00bb<\/a><\/p>\n<\/div>\n","protected":false},"excerpt":{"rendered":"<p>The right type of protection builds assets. We process and protect our clients&#8217; most important assets by ensuring that they have the best and most cost-effective intellectual property protection, nationally and globally . We draft and review all types of agreements, such as complex cooperation agreements, shareholder agreements and business transfer agreements, as well as [&hellip;]<\/p>\n","protected":false},"author":1,"featured_media":0,"parent":0,"menu_order":100,"comment_status":"open","ping_status":"closed","template":"","meta":{"_acf_changed":false,"_genesis_hide_title":false,"_genesis_hide_breadcrumbs":false,"_genesis_hide_singular_image":false,"_genesis_hide_footer_widgets":false,"_genesis_custom_body_class":"","_genesis_custom_post_class":"","_genesis_layout":"","footnotes":""},"class_list":{"0":"post-899","1":"page","2":"type-page","3":"status-publish","5":"entry","6":"has-post-thumbnail"},"acf":[],"yoast_head":"<!-- This site is optimized with the Yoast SEO plugin v24.7 - https:\/\/yoast.com\/wordpress\/plugins\/seo\/ -->\n<title>Process areas | Ghatan Bauer Advokatbyr\u00e5 AB<\/title>\n<meta name=\"description\" content=\"The right type of protection builds assets. We process and protect our clients&#039; most important assets by ensuring that they have the best and most\" \/>\n<meta name=\"robots\" content=\"index, follow, max-snippet:-1, max-image-preview:large, max-video-preview:-1\" \/>\n<link rel=\"canonical\" href=\"https:\/\/www.ghatanbauer.se\/en\/process-areas\/\" \/>\n<meta property=\"og:locale\" content=\"en_US\" \/>\n<meta property=\"og:type\" content=\"article\" \/>\n<meta property=\"og:title\" content=\"Process areas | Ghatan Bauer Advokatbyr\u00e5 AB\" \/>\n<meta property=\"og:description\" content=\"The right type of protection builds assets. We process and protect our clients&#039; most important assets by ensuring that they have the best and most\" \/>\n<meta property=\"og:url\" content=\"https:\/\/www.ghatanbauer.se\/en\/process-areas\/\" \/>\n<meta property=\"og:site_name\" content=\"Ghatan Bauer Advokatbyr\u00e5 AB\" \/>\n<meta property=\"article:modified_time\" content=\"2024-12-18T15:42:01+00:00\" \/>\n<meta name=\"twitter:card\" content=\"summary_large_image\" \/>\n<meta name=\"twitter:label1\" content=\"Est. reading time\" \/>\n\t<meta name=\"twitter:data1\" content=\"3 minutes\" \/>\n<script type=\"application\/ld+json\" class=\"yoast-schema-graph\">{\"@context\":\"https:\/\/schema.org\",\"@graph\":[{\"@type\":\"WebPage\",\"@id\":\"https:\/\/www.ghatanbauer.se\/en\/process-areas\/\",\"url\":\"https:\/\/www.ghatanbauer.se\/en\/process-areas\/\",\"name\":\"Process areas | Ghatan Bauer Advokatbyr\u00e5 AB\",\"isPartOf\":{\"@id\":\"https:\/\/www.ghatanbauer.se\/#website\"},\"datePublished\":\"2014-09-22T07:57:39+00:00\",\"dateModified\":\"2024-12-18T15:42:01+00:00\",\"description\":\"The right type of protection builds assets. We process and protect our clients' most important assets by ensuring that they have the best and most\",\"breadcrumb\":{\"@id\":\"https:\/\/www.ghatanbauer.se\/en\/process-areas\/#breadcrumb\"},\"inLanguage\":\"en-US\",\"potentialAction\":[{\"@type\":\"ReadAction\",\"target\":[\"https:\/\/www.ghatanbauer.se\/en\/process-areas\/\"]}]},{\"@type\":\"BreadcrumbList\",\"@id\":\"https:\/\/www.ghatanbauer.se\/en\/process-areas\/#breadcrumb\",\"itemListElement\":[{\"@type\":\"ListItem\",\"position\":1,\"name\":\"Hem\",\"item\":\"https:\/\/www.ghatanbauer.se\/\"},{\"@type\":\"ListItem\",\"position\":2,\"name\":\"Process areas\"}]},{\"@type\":\"WebSite\",\"@id\":\"https:\/\/www.ghatanbauer.se\/#website\",\"url\":\"https:\/\/www.ghatanbauer.se\/\",\"name\":\"Ghatan Bauer Advokatbyr\u00e5 AB\",\"description\":\"Professionell och kostnadseffektiv aff\u00e4rsjuridisk r\u00e5dgivning.\",\"potentialAction\":[{\"@type\":\"SearchAction\",\"target\":{\"@type\":\"EntryPoint\",\"urlTemplate\":\"https:\/\/www.ghatanbauer.se\/?s={search_term_string}\"},\"query-input\":{\"@type\":\"PropertyValueSpecification\",\"valueRequired\":true,\"valueName\":\"search_term_string\"}}],\"inLanguage\":\"en-US\"}]}<\/script>\n<!-- \/ Yoast SEO plugin. -->","yoast_head_json":{"title":"Process areas | Ghatan Bauer Advokatbyr\u00e5 AB","description":"The right type of protection builds assets. We process and protect our clients' most important assets by ensuring that they have the best and most","robots":{"index":"index","follow":"follow","max-snippet":"max-snippet:-1","max-image-preview":"max-image-preview:large","max-video-preview":"max-video-preview:-1"},"canonical":"https:\/\/www.ghatanbauer.se\/en\/process-areas\/","og_locale":"en_US","og_type":"article","og_title":"Process areas | Ghatan Bauer Advokatbyr\u00e5 AB","og_description":"The right type of protection builds assets. We process and protect our clients' most important assets by ensuring that they have the best and most","og_url":"https:\/\/www.ghatanbauer.se\/en\/process-areas\/","og_site_name":"Ghatan Bauer Advokatbyr\u00e5 AB","article_modified_time":"2024-12-18T15:42:01+00:00","twitter_card":"summary_large_image","twitter_misc":{"Est. reading time":"3 minutes"},"schema":{"@context":"https:\/\/schema.org","@graph":[{"@type":"WebPage","@id":"https:\/\/www.ghatanbauer.se\/en\/process-areas\/","url":"https:\/\/www.ghatanbauer.se\/en\/process-areas\/","name":"Process areas | Ghatan Bauer Advokatbyr\u00e5 AB","isPartOf":{"@id":"https:\/\/www.ghatanbauer.se\/#website"},"datePublished":"2014-09-22T07:57:39+00:00","dateModified":"2024-12-18T15:42:01+00:00","description":"The right type of protection builds assets. We process and protect our clients' most important assets by ensuring that they have the best and most","breadcrumb":{"@id":"https:\/\/www.ghatanbauer.se\/en\/process-areas\/#breadcrumb"},"inLanguage":"en-US","potentialAction":[{"@type":"ReadAction","target":["https:\/\/www.ghatanbauer.se\/en\/process-areas\/"]}]},{"@type":"BreadcrumbList","@id":"https:\/\/www.ghatanbauer.se\/en\/process-areas\/#breadcrumb","itemListElement":[{"@type":"ListItem","position":1,"name":"Hem","item":"https:\/\/www.ghatanbauer.se\/"},{"@type":"ListItem","position":2,"name":"Process areas"}]},{"@type":"WebSite","@id":"https:\/\/www.ghatanbauer.se\/#website","url":"https:\/\/www.ghatanbauer.se\/","name":"Ghatan Bauer Advokatbyr\u00e5 AB","description":"Professionell och kostnadseffektiv aff\u00e4rsjuridisk r\u00e5dgivning.","potentialAction":[{"@type":"SearchAction","target":{"@type":"EntryPoint","urlTemplate":"https:\/\/www.ghatanbauer.se\/?s={search_term_string}"},"query-input":{"@type":"PropertyValueSpecification","valueRequired":true,"valueName":"search_term_string"}}],"inLanguage":"en-US"}]}},"_links":{"self":[{"href":"https:\/\/www.ghatanbauer.se\/en\/wp-json\/wp\/v2\/pages\/899","targetHints":{"allow":["GET"]}}],"collection":[{"href":"https:\/\/www.ghatanbauer.se\/en\/wp-json\/wp\/v2\/pages"}],"about":[{"href":"https:\/\/www.ghatanbauer.se\/en\/wp-json\/wp\/v2\/types\/page"}],"author":[{"embeddable":true,"href":"https:\/\/www.ghatanbauer.se\/en\/wp-json\/wp\/v2\/users\/1"}],"replies":[{"embeddable":true,"href":"https:\/\/www.ghatanbauer.se\/en\/wp-json\/wp\/v2\/comments?post=899"}],"version-history":[{"count":9,"href":"https:\/\/www.ghatanbauer.se\/en\/wp-json\/wp\/v2\/pages\/899\/revisions"}],"predecessor-version":[{"id":1363,"href":"https:\/\/www.ghatanbauer.se\/en\/wp-json\/wp\/v2\/pages\/899\/revisions\/1363"}],"wp:attachment":[{"href":"https:\/\/www.ghatanbauer.se\/en\/wp-json\/wp\/v2\/media?parent=899"}],"curies":[{"name":"wp","href":"https:\/\/api.w.org\/{rel}","templated":true}]}}