{"id":1299,"date":"2024-11-19T15:32:02","date_gmt":"2024-11-19T14:32:02","guid":{"rendered":"https:\/\/www.ghatanbauer.se\/?page_id=1299"},"modified":"2024-11-19T16:07:07","modified_gmt":"2024-11-19T15:07:07","slug":"employment-law","status":"publish","type":"page","link":"https:\/\/www.ghatanbauer.se\/en\/process-areas\/employment-law\/","title":{"rendered":"Employment Law"},"content":{"rendered":"<p><img loading=\"lazy\" decoding=\"async\" src=\"\/wp-content\/uploads\/Bibliotek-1.jpg\" alt=\"Bibliotek\" width=\"710\" height=\"236\" class=\"alignnone size-full wp-image-851\" \/><br \/>\nWe advise employers as well as employees within the complicated area of employment law.. Whether it involves terminations due to personal reasons or redundancy, we can assist, also in cases of dismissals. We support during Union consultations and in employment law disputes, it goes that far. Quite often we assist in negotiations between employers and employees in reaching an amicable settlement where the employment ends against some financial compensation.<\/p>\n<p>We have particularly experience in all areas of employment law in relation to M&#038;A and transfer of the whole or part of a business.<\/p>\n","protected":false},"excerpt":{"rendered":"<p>We advise employers as well as employees within the complicated area of employment law.. Whether it involves terminations due to personal reasons or redundancy, we can assist, also in cases of dismissals. We support during Union consultations and in employment law disputes, it goes that far. Quite often we assist in negotiations between employers and [&hellip;]<\/p>\n","protected":false},"author":1,"featured_media":0,"parent":899,"menu_order":110,"comment_status":"open","ping_status":"closed","template":"","meta":{"_acf_changed":false,"_genesis_hide_title":false,"_genesis_hide_breadcrumbs":false,"_genesis_hide_singular_image":false,"_genesis_hide_footer_widgets":false,"_genesis_custom_body_class":"","_genesis_custom_post_class":"","_genesis_layout":"","footnotes":""},"class_list":{"0":"post-1299","1":"page","2":"type-page","3":"status-publish","5":"entry"},"acf":[],"yoast_head":"<!-- This site is optimized with the Yoast SEO plugin v24.7 - https:\/\/yoast.com\/wordpress\/plugins\/seo\/ -->\n<title>Employment Law | Ghatan Bauer Advokatbyr\u00e5 AB<\/title>\n<meta name=\"description\" content=\"We advise employers as well as employees within the complicated area of employment law.. Whether it involves terminations due to personal reasons or\" \/>\n<meta name=\"robots\" content=\"index, follow, max-snippet:-1, max-image-preview:large, max-video-preview:-1\" \/>\n<link rel=\"canonical\" href=\"https:\/\/www.ghatanbauer.se\/en\/process-areas\/employment-law\/\" \/>\n<meta property=\"og:locale\" content=\"en_US\" \/>\n<meta property=\"og:type\" content=\"article\" \/>\n<meta property=\"og:title\" content=\"Employment Law | Ghatan Bauer Advokatbyr\u00e5 AB\" \/>\n<meta property=\"og:description\" content=\"We advise employers as well as employees within the complicated area of employment law.. Whether it involves terminations due to personal reasons or\" \/>\n<meta property=\"og:url\" content=\"https:\/\/www.ghatanbauer.se\/en\/process-areas\/employment-law\/\" \/>\n<meta property=\"og:site_name\" content=\"Ghatan Bauer Advokatbyr\u00e5 AB\" \/>\n<meta property=\"article:modified_time\" content=\"2024-11-19T15:07:07+00:00\" \/>\n<meta name=\"twitter:card\" content=\"summary_large_image\" \/>\n<meta name=\"twitter:label1\" content=\"Est. reading time\" \/>\n\t<meta name=\"twitter:data1\" content=\"1 minute\" \/>\n<script type=\"application\/ld+json\" class=\"yoast-schema-graph\">{\"@context\":\"https:\/\/schema.org\",\"@graph\":[{\"@type\":\"WebPage\",\"@id\":\"https:\/\/www.ghatanbauer.se\/en\/process-areas\/employment-law\/\",\"url\":\"https:\/\/www.ghatanbauer.se\/en\/process-areas\/employment-law\/\",\"name\":\"Employment Law | Ghatan Bauer Advokatbyr\u00e5 AB\",\"isPartOf\":{\"@id\":\"https:\/\/www.ghatanbauer.se\/#website\"},\"datePublished\":\"2024-11-19T14:32:02+00:00\",\"dateModified\":\"2024-11-19T15:07:07+00:00\",\"description\":\"We advise employers as well as employees within the complicated area of employment law.. Whether it involves terminations due to personal reasons or\",\"breadcrumb\":{\"@id\":\"https:\/\/www.ghatanbauer.se\/en\/process-areas\/employment-law\/#breadcrumb\"},\"inLanguage\":\"en-US\",\"potentialAction\":[{\"@type\":\"ReadAction\",\"target\":[\"https:\/\/www.ghatanbauer.se\/en\/process-areas\/employment-law\/\"]}]},{\"@type\":\"BreadcrumbList\",\"@id\":\"https:\/\/www.ghatanbauer.se\/en\/process-areas\/employment-law\/#breadcrumb\",\"itemListElement\":[{\"@type\":\"ListItem\",\"position\":1,\"name\":\"Hem\",\"item\":\"https:\/\/www.ghatanbauer.se\/\"},{\"@type\":\"ListItem\",\"position\":2,\"name\":\"Process areas\",\"item\":\"https:\/\/www.ghatanbauer.se\/en\/process-areas\/\"},{\"@type\":\"ListItem\",\"position\":3,\"name\":\"Employment Law\"}]},{\"@type\":\"WebSite\",\"@id\":\"https:\/\/www.ghatanbauer.se\/#website\",\"url\":\"https:\/\/www.ghatanbauer.se\/\",\"name\":\"Ghatan Bauer Advokatbyr\u00e5 AB\",\"description\":\"Professionell och kostnadseffektiv aff\u00e4rsjuridisk r\u00e5dgivning.\",\"potentialAction\":[{\"@type\":\"SearchAction\",\"target\":{\"@type\":\"EntryPoint\",\"urlTemplate\":\"https:\/\/www.ghatanbauer.se\/?s={search_term_string}\"},\"query-input\":{\"@type\":\"PropertyValueSpecification\",\"valueRequired\":true,\"valueName\":\"search_term_string\"}}],\"inLanguage\":\"en-US\"}]}<\/script>\n<!-- \/ Yoast SEO plugin. -->","yoast_head_json":{"title":"Employment Law | Ghatan Bauer Advokatbyr\u00e5 AB","description":"We advise employers as well as employees within the complicated area of employment law.. Whether it involves terminations due to personal reasons or","robots":{"index":"index","follow":"follow","max-snippet":"max-snippet:-1","max-image-preview":"max-image-preview:large","max-video-preview":"max-video-preview:-1"},"canonical":"https:\/\/www.ghatanbauer.se\/en\/process-areas\/employment-law\/","og_locale":"en_US","og_type":"article","og_title":"Employment Law | Ghatan Bauer Advokatbyr\u00e5 AB","og_description":"We advise employers as well as employees within the complicated area of employment law.. Whether it involves terminations due to personal reasons or","og_url":"https:\/\/www.ghatanbauer.se\/en\/process-areas\/employment-law\/","og_site_name":"Ghatan Bauer Advokatbyr\u00e5 AB","article_modified_time":"2024-11-19T15:07:07+00:00","twitter_card":"summary_large_image","twitter_misc":{"Est. reading time":"1 minute"},"schema":{"@context":"https:\/\/schema.org","@graph":[{"@type":"WebPage","@id":"https:\/\/www.ghatanbauer.se\/en\/process-areas\/employment-law\/","url":"https:\/\/www.ghatanbauer.se\/en\/process-areas\/employment-law\/","name":"Employment Law | Ghatan Bauer Advokatbyr\u00e5 AB","isPartOf":{"@id":"https:\/\/www.ghatanbauer.se\/#website"},"datePublished":"2024-11-19T14:32:02+00:00","dateModified":"2024-11-19T15:07:07+00:00","description":"We advise employers as well as employees within the complicated area of employment law.. Whether it involves terminations due to personal reasons or","breadcrumb":{"@id":"https:\/\/www.ghatanbauer.se\/en\/process-areas\/employment-law\/#breadcrumb"},"inLanguage":"en-US","potentialAction":[{"@type":"ReadAction","target":["https:\/\/www.ghatanbauer.se\/en\/process-areas\/employment-law\/"]}]},{"@type":"BreadcrumbList","@id":"https:\/\/www.ghatanbauer.se\/en\/process-areas\/employment-law\/#breadcrumb","itemListElement":[{"@type":"ListItem","position":1,"name":"Hem","item":"https:\/\/www.ghatanbauer.se\/"},{"@type":"ListItem","position":2,"name":"Process areas","item":"https:\/\/www.ghatanbauer.se\/en\/process-areas\/"},{"@type":"ListItem","position":3,"name":"Employment Law"}]},{"@type":"WebSite","@id":"https:\/\/www.ghatanbauer.se\/#website","url":"https:\/\/www.ghatanbauer.se\/","name":"Ghatan Bauer Advokatbyr\u00e5 AB","description":"Professionell och kostnadseffektiv aff\u00e4rsjuridisk r\u00e5dgivning.","potentialAction":[{"@type":"SearchAction","target":{"@type":"EntryPoint","urlTemplate":"https:\/\/www.ghatanbauer.se\/?s={search_term_string}"},"query-input":{"@type":"PropertyValueSpecification","valueRequired":true,"valueName":"search_term_string"}}],"inLanguage":"en-US"}]}},"_links":{"self":[{"href":"https:\/\/www.ghatanbauer.se\/en\/wp-json\/wp\/v2\/pages\/1299","targetHints":{"allow":["GET"]}}],"collection":[{"href":"https:\/\/www.ghatanbauer.se\/en\/wp-json\/wp\/v2\/pages"}],"about":[{"href":"https:\/\/www.ghatanbauer.se\/en\/wp-json\/wp\/v2\/types\/page"}],"author":[{"embeddable":true,"href":"https:\/\/www.ghatanbauer.se\/en\/wp-json\/wp\/v2\/users\/1"}],"replies":[{"embeddable":true,"href":"https:\/\/www.ghatanbauer.se\/en\/wp-json\/wp\/v2\/comments?post=1299"}],"version-history":[{"count":2,"href":"https:\/\/www.ghatanbauer.se\/en\/wp-json\/wp\/v2\/pages\/1299\/revisions"}],"predecessor-version":[{"id":1312,"href":"https:\/\/www.ghatanbauer.se\/en\/wp-json\/wp\/v2\/pages\/1299\/revisions\/1312"}],"up":[{"embeddable":true,"href":"https:\/\/www.ghatanbauer.se\/en\/wp-json\/wp\/v2\/pages\/899"}],"wp:attachment":[{"href":"https:\/\/www.ghatanbauer.se\/en\/wp-json\/wp\/v2\/media?parent=1299"}],"curies":[{"name":"wp","href":"https:\/\/api.w.org\/{rel}","templated":true}]}}